{"id":32509,"date":"2025-11-07T21:36:39","date_gmt":"2025-11-07T21:36:39","guid":{"rendered":"https:\/\/levignobleduruisseau.com\/?post_type=product&#038;p=32509"},"modified":"2025-12-18T19:37:07","modified_gmt":"2025-12-18T19:37:07","slug":"cabernet-sauvignon-et-merlot-signature-2021","status":"publish","type":"product","link":"https:\/\/levignobleduruisseau.com\/en\/product\/cabernet-sauvignon-et-merlot-signature-2021\/","title":{"rendered":"Cabernet-Sauvignon et Merlot Signature 2021"},"content":{"rendered":"<p>Format : 750ml<\/p>\n<p>%Alcool : 12.6%<\/p>\n<p>C\u00e9page : Cabernet-Sauvignon, Merlot<\/p>\n<p>\u00c9levage : Vieillit 18 mois en f\u00fbt de ch\u00eane fran\u00e7ais<\/p>\n<p>Sucre r\u00e9siduel : 0.6g\/L<\/p>","protected":false},"excerpt":{"rendered":"<p>Format : 750ml %Alcool : 12.6% C\u00e9page : Cabernet-Sauvignon, Merlot \u00c9levage : Vieillit 18 mois en f\u00fbt de ch\u00eane fran\u00e7ais Sucre r\u00e9siduel : 0.6g\/L<\/p>","protected":false},"featured_media":32507,"template":"","meta":{"pmpro_default_level":""},"product_brand":[],"product_cat":[170,160,143],"product_tag":[],"class_list":{"0":"post-32509","1":"product","2":"type-product","3":"status-publish","4":"has-post-thumbnail","6":"product_cat-rouges","7":"product_cat-tous-les-produits","8":"product_cat-vins","9":"pmpro-has-access","12":"first","13":"instock","14":"taxable","15":"shipping-taxable","16":"purchasable","17":"product-type-simple"},"_links":{"self":[{"href":"https:\/\/levignobleduruisseau.com\/en\/wp-json\/wp\/v2\/product\/32509","targetHints":{"allow":["GET"]}}],"collection":[{"href":"https:\/\/levignobleduruisseau.com\/en\/wp-json\/wp\/v2\/product"}],"about":[{"href":"https:\/\/levignobleduruisseau.com\/en\/wp-json\/wp\/v2\/types\/product"}],"version-history":[{"count":1,"href":"https:\/\/levignobleduruisseau.com\/en\/wp-json\/wp\/v2\/product\/32509\/revisions"}],"predecessor-version":[{"id":32510,"href":"https:\/\/levignobleduruisseau.com\/en\/wp-json\/wp\/v2\/product\/32509\/revisions\/32510"}],"wp:featuredmedia":[{"embeddable":true,"href":"https:\/\/levignobleduruisseau.com\/en\/wp-json\/wp\/v2\/media\/32507"}],"wp:attachment":[{"href":"https:\/\/levignobleduruisseau.com\/en\/wp-json\/wp\/v2\/media?parent=32509"}],"wp:term":[{"taxonomy":"product_brand","embeddable":true,"href":"https:\/\/levignobleduruisseau.com\/en\/wp-json\/wp\/v2\/product_brand?post=32509"},{"taxonomy":"product_cat","embeddable":true,"href":"https:\/\/levignobleduruisseau.com\/en\/wp-json\/wp\/v2\/product_cat?post=32509"},{"taxonomy":"product_tag","embeddable":true,"href":"https:\/\/levignobleduruisseau.com\/en\/wp-json\/wp\/v2\/product_tag?post=32509"}],"curies":[{"name":"wp","href":"https:\/\/api.w.org\/{rel}","templated":true}]}}