{"id":32402,"date":"2025-09-04T20:49:50","date_gmt":"2025-09-04T20:49:50","guid":{"rendered":"https:\/\/levignobleduruisseau.com\/?post_type=product&#038;p=32402"},"modified":"2025-09-04T20:49:50","modified_gmt":"2025-09-04T20:49:50","slug":"vin-rosee-de-soif","status":"publish","type":"product","link":"https:\/\/levignobleduruisseau.com\/en\/product\/vin-rosee-de-soif\/","title":{"rendered":"Vin ros\u00e9e de soif"},"content":{"rendered":"<p>Format : 750ml<\/p>\n<p>% Alcool : 11%<\/p>\n<p>C\u00e9page : Chardonnay, Pinot Noir<\/p>\n<p>\u00c9levage : Cuve d&#8217;inox<\/p>\n<p>Sucre r\u00e9siduel : 1,8g\/L<\/p>","protected":false},"excerpt":{"rendered":"<p>Format : 750ml % Alcool : 11% C\u00e9page : Chardonnay, Pinot Noir \u00c9levage : Cuve d&#8217;inox Sucre r\u00e9siduel : 1,8g\/L<\/p>","protected":false},"featured_media":32404,"template":"","meta":{"pmpro_default_level":""},"product_brand":[],"product_cat":[196,160,143],"product_tag":[],"class_list":{"0":"post-32402","1":"product","2":"type-product","3":"status-publish","4":"has-post-thumbnail","6":"product_cat-rosee","7":"product_cat-tous-les-produits","8":"product_cat-vins","9":"pmpro-has-access","12":"first","13":"instock","14":"taxable","15":"shipping-taxable","16":"purchasable","17":"product-type-simple"},"_links":{"self":[{"href":"https:\/\/levignobleduruisseau.com\/en\/wp-json\/wp\/v2\/product\/32402","targetHints":{"allow":["GET"]}}],"collection":[{"href":"https:\/\/levignobleduruisseau.com\/en\/wp-json\/wp\/v2\/product"}],"about":[{"href":"https:\/\/levignobleduruisseau.com\/en\/wp-json\/wp\/v2\/types\/product"}],"version-history":[{"count":2,"href":"https:\/\/levignobleduruisseau.com\/en\/wp-json\/wp\/v2\/product\/32402\/revisions"}],"predecessor-version":[{"id":32499,"href":"https:\/\/levignobleduruisseau.com\/en\/wp-json\/wp\/v2\/product\/32402\/revisions\/32499"}],"wp:featuredmedia":[{"embeddable":true,"href":"https:\/\/levignobleduruisseau.com\/en\/wp-json\/wp\/v2\/media\/32404"}],"wp:attachment":[{"href":"https:\/\/levignobleduruisseau.com\/en\/wp-json\/wp\/v2\/media?parent=32402"}],"wp:term":[{"taxonomy":"product_brand","embeddable":true,"href":"https:\/\/levignobleduruisseau.com\/en\/wp-json\/wp\/v2\/product_brand?post=32402"},{"taxonomy":"product_cat","embeddable":true,"href":"https:\/\/levignobleduruisseau.com\/en\/wp-json\/wp\/v2\/product_cat?post=32402"},{"taxonomy":"product_tag","embeddable":true,"href":"https:\/\/levignobleduruisseau.com\/en\/wp-json\/wp\/v2\/product_tag?post=32402"}],"curies":[{"name":"wp","href":"https:\/\/api.w.org\/{rel}","templated":true}]}}