{"id":32384,"date":"2025-08-28T14:01:39","date_gmt":"2025-08-28T14:01:39","guid":{"rendered":"https:\/\/levignobleduruisseau.com\/?post_type=product&#038;p=32384"},"modified":"2025-08-28T14:01:39","modified_gmt":"2025-08-28T14:01:39","slug":"bulle-blanc-de-blancs-36-mois","status":"publish","type":"product","link":"https:\/\/levignobleduruisseau.com\/en\/product\/bulle-blanc-de-blancs-36-mois\/","title":{"rendered":"Bulle blanc de blancs 36 mois"},"content":{"rendered":"<p>Format : 750 ml<\/p>\n<p>% Alcool : 12,5%<\/p>\n<p>C\u00e9page : Chardonnay<\/p>\n<p>\u00c9levage : M\u00e9thode traditionnelle<\/p>\n<p>Sucre r\u00e9siduel : 6g\/L<\/p>","protected":false},"excerpt":{"rendered":"<p>Format : 750 ml % Alcool : 12,5% C\u00e9page : Chardonnay \u00c9levage : M\u00e9thode traditionnelle Sucre r\u00e9siduel : 6g\/L<\/p>","protected":false},"featured_media":31825,"template":"","meta":{"pmpro_default_level":""},"product_brand":[],"product_cat":[171,160,143],"product_tag":[],"class_list":{"0":"post-32384","1":"product","2":"type-product","3":"status-publish","4":"has-post-thumbnail","6":"product_cat-mousseux","7":"product_cat-tous-les-produits","8":"product_cat-vins","9":"pmpro-has-access","12":"first","13":"instock","14":"taxable","15":"shipping-taxable","16":"purchasable","17":"product-type-simple"},"_links":{"self":[{"href":"https:\/\/levignobleduruisseau.com\/en\/wp-json\/wp\/v2\/product\/32384","targetHints":{"allow":["GET"]}}],"collection":[{"href":"https:\/\/levignobleduruisseau.com\/en\/wp-json\/wp\/v2\/product"}],"about":[{"href":"https:\/\/levignobleduruisseau.com\/en\/wp-json\/wp\/v2\/types\/product"}],"version-history":[{"count":1,"href":"https:\/\/levignobleduruisseau.com\/en\/wp-json\/wp\/v2\/product\/32384\/revisions"}],"predecessor-version":[{"id":32385,"href":"https:\/\/levignobleduruisseau.com\/en\/wp-json\/wp\/v2\/product\/32384\/revisions\/32385"}],"wp:featuredmedia":[{"embeddable":true,"href":"https:\/\/levignobleduruisseau.com\/en\/wp-json\/wp\/v2\/media\/31825"}],"wp:attachment":[{"href":"https:\/\/levignobleduruisseau.com\/en\/wp-json\/wp\/v2\/media?parent=32384"}],"wp:term":[{"taxonomy":"product_brand","embeddable":true,"href":"https:\/\/levignobleduruisseau.com\/en\/wp-json\/wp\/v2\/product_brand?post=32384"},{"taxonomy":"product_cat","embeddable":true,"href":"https:\/\/levignobleduruisseau.com\/en\/wp-json\/wp\/v2\/product_cat?post=32384"},{"taxonomy":"product_tag","embeddable":true,"href":"https:\/\/levignobleduruisseau.com\/en\/wp-json\/wp\/v2\/product_tag?post=32384"}],"curies":[{"name":"wp","href":"https:\/\/api.w.org\/{rel}","templated":true}]}}