{"id":32367,"date":"2025-08-14T16:30:19","date_gmt":"2025-08-14T16:30:19","guid":{"rendered":"https:\/\/levignobleduruisseau.com\/?post_type=product&#038;p=32367"},"modified":"2025-08-14T17:08:15","modified_gmt":"2025-08-14T17:08:15","slug":"gewurztraminer-signature-2023","status":"publish","type":"product","link":"https:\/\/levignobleduruisseau.com\/en\/product\/gewurztraminer-signature-2023\/","title":{"rendered":"Gew\u00fcrztraminer Signature 2023"},"content":{"rendered":"<p>Format : 750 ml<\/p>\n<p>% Alcool : 11,5 %<\/p>\n<p>C\u00e9page : Gew\u00fcrztraminer<\/p>\n<p>\u00c9levage : Vieillit 12 mois en f\u00fbt de ch\u00eane fran\u00e7ais<\/p>\n<p>Sucre r\u00e9siduel : 0g\/L<\/p>","protected":false},"excerpt":{"rendered":"<p>Format : 750 ml % Alcool : 11,5 % C\u00e9page : Gew\u00fcrztraminer \u00c9levage : Vieillit 12 mois en f\u00fbt de ch\u00eane fran\u00e7ais Sucre r\u00e9siduel : 0g\/L<\/p>","protected":false},"featured_media":32370,"template":"","meta":{"pmpro_default_level":""},"product_brand":[],"product_cat":[169,160,143],"product_tag":[],"class_list":{"0":"post-32367","1":"product","2":"type-product","3":"status-publish","4":"has-post-thumbnail","6":"product_cat-blancs","7":"product_cat-tous-les-produits","8":"product_cat-vins","9":"pmpro-has-access","12":"first","13":"instock","14":"taxable","15":"shipping-taxable","16":"purchasable","17":"product-type-simple"},"_links":{"self":[{"href":"https:\/\/levignobleduruisseau.com\/en\/wp-json\/wp\/v2\/product\/32367","targetHints":{"allow":["GET"]}}],"collection":[{"href":"https:\/\/levignobleduruisseau.com\/en\/wp-json\/wp\/v2\/product"}],"about":[{"href":"https:\/\/levignobleduruisseau.com\/en\/wp-json\/wp\/v2\/types\/product"}],"version-history":[{"count":3,"href":"https:\/\/levignobleduruisseau.com\/en\/wp-json\/wp\/v2\/product\/32367\/revisions"}],"predecessor-version":[{"id":32371,"href":"https:\/\/levignobleduruisseau.com\/en\/wp-json\/wp\/v2\/product\/32367\/revisions\/32371"}],"wp:featuredmedia":[{"embeddable":true,"href":"https:\/\/levignobleduruisseau.com\/en\/wp-json\/wp\/v2\/media\/32370"}],"wp:attachment":[{"href":"https:\/\/levignobleduruisseau.com\/en\/wp-json\/wp\/v2\/media?parent=32367"}],"wp:term":[{"taxonomy":"product_brand","embeddable":true,"href":"https:\/\/levignobleduruisseau.com\/en\/wp-json\/wp\/v2\/product_brand?post=32367"},{"taxonomy":"product_cat","embeddable":true,"href":"https:\/\/levignobleduruisseau.com\/en\/wp-json\/wp\/v2\/product_cat?post=32367"},{"taxonomy":"product_tag","embeddable":true,"href":"https:\/\/levignobleduruisseau.com\/en\/wp-json\/wp\/v2\/product_tag?post=32367"}],"curies":[{"name":"wp","href":"https:\/\/api.w.org\/{rel}","templated":true}]}}