{"id":32364,"date":"2025-08-14T16:02:03","date_gmt":"2025-08-14T16:02:03","guid":{"rendered":"https:\/\/levignobleduruisseau.com\/?post_type=product&#038;p=32364"},"modified":"2025-08-14T16:02:03","modified_gmt":"2025-08-14T16:02:03","slug":"riesling-origine-2023","status":"publish","type":"product","link":"https:\/\/levignobleduruisseau.com\/en\/product\/riesling-origine-2023\/","title":{"rendered":"Riesling Origine 2023"},"content":{"rendered":"<p>Format : 750 ml<\/p>\n<p>% Alcool : 11 %<\/p>\n<p>C\u00e9page : Riesling<\/p>\n<p>\u00c9levage : Aucun<\/p>\n<p>Sucre r\u00e9siduel : 0g\/L<\/p>","protected":false},"excerpt":{"rendered":"<p>Format : 750 ml % Alcool : 11 % C\u00e9page : Riesling \u00c9levage : Aucun Sucre r\u00e9siduel : 0g\/L<\/p>","protected":false},"featured_media":32365,"template":"","meta":{"pmpro_default_level":""},"product_brand":[],"product_cat":[169,160,143],"product_tag":[],"class_list":{"0":"post-32364","1":"product","2":"type-product","3":"status-publish","4":"has-post-thumbnail","6":"product_cat-blancs","7":"product_cat-tous-les-produits","8":"product_cat-vins","9":"pmpro-has-access","12":"first","13":"instock","14":"taxable","15":"shipping-taxable","16":"purchasable","17":"product-type-simple"},"_links":{"self":[{"href":"https:\/\/levignobleduruisseau.com\/en\/wp-json\/wp\/v2\/product\/32364","targetHints":{"allow":["GET"]}}],"collection":[{"href":"https:\/\/levignobleduruisseau.com\/en\/wp-json\/wp\/v2\/product"}],"about":[{"href":"https:\/\/levignobleduruisseau.com\/en\/wp-json\/wp\/v2\/types\/product"}],"version-history":[{"count":1,"href":"https:\/\/levignobleduruisseau.com\/en\/wp-json\/wp\/v2\/product\/32364\/revisions"}],"predecessor-version":[{"id":32366,"href":"https:\/\/levignobleduruisseau.com\/en\/wp-json\/wp\/v2\/product\/32364\/revisions\/32366"}],"wp:featuredmedia":[{"embeddable":true,"href":"https:\/\/levignobleduruisseau.com\/en\/wp-json\/wp\/v2\/media\/32365"}],"wp:attachment":[{"href":"https:\/\/levignobleduruisseau.com\/en\/wp-json\/wp\/v2\/media?parent=32364"}],"wp:term":[{"taxonomy":"product_brand","embeddable":true,"href":"https:\/\/levignobleduruisseau.com\/en\/wp-json\/wp\/v2\/product_brand?post=32364"},{"taxonomy":"product_cat","embeddable":true,"href":"https:\/\/levignobleduruisseau.com\/en\/wp-json\/wp\/v2\/product_cat?post=32364"},{"taxonomy":"product_tag","embeddable":true,"href":"https:\/\/levignobleduruisseau.com\/en\/wp-json\/wp\/v2\/product_tag?post=32364"}],"curies":[{"name":"wp","href":"https:\/\/api.w.org\/{rel}","templated":true}]}}