{"id":31935,"date":"2024-12-22T18:51:53","date_gmt":"2024-12-22T18:51:53","guid":{"rendered":"https:\/\/levignobleduruisseau.com\/?post_type=product&#038;p=31935"},"modified":"2024-12-22T18:54:07","modified_gmt":"2024-12-22T18:54:07","slug":"sirop-derable-infuse-a-la-cannelle","status":"publish","type":"product","link":"https:\/\/levignobleduruisseau.com\/en\/product\/sirop-derable-infuse-a-la-cannelle\/","title":{"rendered":"Sirop d&#8217;\u00e9rable infus\u00e9 \u00e0 la cannelle"},"content":{"rendered":"<p>Format : 500 ml<\/p>","protected":false},"excerpt":{"rendered":"<p>Format : 500 ml<\/p>","protected":false},"featured_media":31795,"template":"","meta":{"pmpro_default_level":""},"product_brand":[],"product_cat":[172,173],"product_tag":[],"class_list":{"0":"post-31935","1":"product","2":"type-product","3":"status-publish","4":"has-post-thumbnail","6":"product_cat-produits-derable","7":"product_cat-sirop-derable-produits-derable","8":"pmpro-has-access","11":"first","12":"instock","13":"purchasable","14":"product-type-simple"},"_links":{"self":[{"href":"https:\/\/levignobleduruisseau.com\/en\/wp-json\/wp\/v2\/product\/31935","targetHints":{"allow":["GET"]}}],"collection":[{"href":"https:\/\/levignobleduruisseau.com\/en\/wp-json\/wp\/v2\/product"}],"about":[{"href":"https:\/\/levignobleduruisseau.com\/en\/wp-json\/wp\/v2\/types\/product"}],"version-history":[{"count":1,"href":"https:\/\/levignobleduruisseau.com\/en\/wp-json\/wp\/v2\/product\/31935\/revisions"}],"predecessor-version":[{"id":31936,"href":"https:\/\/levignobleduruisseau.com\/en\/wp-json\/wp\/v2\/product\/31935\/revisions\/31936"}],"wp:featuredmedia":[{"embeddable":true,"href":"https:\/\/levignobleduruisseau.com\/en\/wp-json\/wp\/v2\/media\/31795"}],"wp:attachment":[{"href":"https:\/\/levignobleduruisseau.com\/en\/wp-json\/wp\/v2\/media?parent=31935"}],"wp:term":[{"taxonomy":"product_brand","embeddable":true,"href":"https:\/\/levignobleduruisseau.com\/en\/wp-json\/wp\/v2\/product_brand?post=31935"},{"taxonomy":"product_cat","embeddable":true,"href":"https:\/\/levignobleduruisseau.com\/en\/wp-json\/wp\/v2\/product_cat?post=31935"},{"taxonomy":"product_tag","embeddable":true,"href":"https:\/\/levignobleduruisseau.com\/en\/wp-json\/wp\/v2\/product_tag?post=31935"}],"curies":[{"name":"wp","href":"https:\/\/api.w.org\/{rel}","templated":true}]}}