{"id":31827,"date":"2024-11-16T17:06:55","date_gmt":"2024-11-16T17:06:55","guid":{"rendered":"https:\/\/levignobleduruisseau.com\/?post_type=product&#038;p=31827"},"modified":"2025-07-25T19:52:47","modified_gmt":"2025-07-25T19:52:47","slug":"seyval-vidal-2023","status":"publish","type":"product","link":"https:\/\/levignobleduruisseau.com\/en\/product\/seyval-vidal-2023\/","title":{"rendered":"Seyval Vidal 2023"},"content":{"rendered":"<p>Format : 750ml<\/p>\n<p>%Alcool : 12%<\/p>\n<p>C\u00e9page : Seyval, Vidal<\/p>\n<p>\u00c9levage : Aucun<\/p>\n<p>Sucre r\u00e9siduel : 1.6g\/L<\/p>","protected":false},"excerpt":{"rendered":"<p>Format : 750ml %Alcool : 12% C\u00e9page : Seyval, Vidal \u00c9levage : Aucun Sucre r\u00e9siduel : 1.6g\/L<\/p>","protected":false},"featured_media":31840,"template":"","meta":{"pmpro_default_level":""},"product_brand":[],"product_cat":[169,160,143],"product_tag":[],"class_list":{"0":"post-31827","1":"product","2":"type-product","3":"status-publish","4":"has-post-thumbnail","6":"product_cat-blancs","7":"product_cat-tous-les-produits","8":"product_cat-vins","9":"pmpro-has-access","12":"first","13":"instock","14":"taxable","15":"shipping-taxable","16":"purchasable","17":"product-type-simple"},"_links":{"self":[{"href":"https:\/\/levignobleduruisseau.com\/en\/wp-json\/wp\/v2\/product\/31827","targetHints":{"allow":["GET"]}}],"collection":[{"href":"https:\/\/levignobleduruisseau.com\/en\/wp-json\/wp\/v2\/product"}],"about":[{"href":"https:\/\/levignobleduruisseau.com\/en\/wp-json\/wp\/v2\/types\/product"}],"version-history":[{"count":1,"href":"https:\/\/levignobleduruisseau.com\/en\/wp-json\/wp\/v2\/product\/31827\/revisions"}],"predecessor-version":[{"id":31828,"href":"https:\/\/levignobleduruisseau.com\/en\/wp-json\/wp\/v2\/product\/31827\/revisions\/31828"}],"wp:featuredmedia":[{"embeddable":true,"href":"https:\/\/levignobleduruisseau.com\/en\/wp-json\/wp\/v2\/media\/31840"}],"wp:attachment":[{"href":"https:\/\/levignobleduruisseau.com\/en\/wp-json\/wp\/v2\/media?parent=31827"}],"wp:term":[{"taxonomy":"product_brand","embeddable":true,"href":"https:\/\/levignobleduruisseau.com\/en\/wp-json\/wp\/v2\/product_brand?post=31827"},{"taxonomy":"product_cat","embeddable":true,"href":"https:\/\/levignobleduruisseau.com\/en\/wp-json\/wp\/v2\/product_cat?post=31827"},{"taxonomy":"product_tag","embeddable":true,"href":"https:\/\/levignobleduruisseau.com\/en\/wp-json\/wp\/v2\/product_tag?post=31827"}],"curies":[{"name":"wp","href":"https:\/\/api.w.org\/{rel}","templated":true}]}}