{"id":31810,"date":"2024-11-16T16:43:23","date_gmt":"2024-11-16T16:43:23","guid":{"rendered":"https:\/\/levignobleduruisseau.com\/?post_type=product&#038;p=31810"},"modified":"2025-07-17T15:23:14","modified_gmt":"2025-07-17T15:23:14","slug":"bulle-rosee-origine","status":"publish","type":"product","link":"https:\/\/levignobleduruisseau.com\/en\/product\/bulle-rosee-origine\/","title":{"rendered":"Bulle Ros\u00e9e Origine"},"content":{"rendered":"<p>Format : 750ml<\/p>\n<p>% Alcool : 12,4%<\/p>\n<p>C\u00e9page : Chardonnay, Pinot Noir, Vidal, Pinot Gris<\/p>\n<p>\u00c9levage : M\u00e9thode Traditionnelle<\/p>\n<p>Sucre r\u00e9siduel : 6g \/L<\/p>","protected":false},"excerpt":{"rendered":"<p>Format : 750ml % Alcool : 12,4% C\u00e9page : Chardonnay, Pinot Noir, Vidal, Pinot Gris \u00c9levage : M\u00e9thode Traditionnelle Sucre r\u00e9siduel : 6g \/L<\/p>","protected":false},"featured_media":31811,"template":"","meta":{"pmpro_default_level":""},"product_brand":[],"product_cat":[171,160,143],"product_tag":[],"class_list":{"0":"post-31810","1":"product","2":"type-product","3":"status-publish","4":"has-post-thumbnail","6":"product_cat-mousseux","7":"product_cat-tous-les-produits","8":"product_cat-vins","9":"pmpro-has-access","12":"first","13":"instock","14":"taxable","15":"shipping-taxable","16":"purchasable","17":"product-type-simple"},"_links":{"self":[{"href":"https:\/\/levignobleduruisseau.com\/en\/wp-json\/wp\/v2\/product\/31810","targetHints":{"allow":["GET"]}}],"collection":[{"href":"https:\/\/levignobleduruisseau.com\/en\/wp-json\/wp\/v2\/product"}],"about":[{"href":"https:\/\/levignobleduruisseau.com\/en\/wp-json\/wp\/v2\/types\/product"}],"version-history":[{"count":1,"href":"https:\/\/levignobleduruisseau.com\/en\/wp-json\/wp\/v2\/product\/31810\/revisions"}],"predecessor-version":[{"id":31812,"href":"https:\/\/levignobleduruisseau.com\/en\/wp-json\/wp\/v2\/product\/31810\/revisions\/31812"}],"wp:featuredmedia":[{"embeddable":true,"href":"https:\/\/levignobleduruisseau.com\/en\/wp-json\/wp\/v2\/media\/31811"}],"wp:attachment":[{"href":"https:\/\/levignobleduruisseau.com\/en\/wp-json\/wp\/v2\/media?parent=31810"}],"wp:term":[{"taxonomy":"product_brand","embeddable":true,"href":"https:\/\/levignobleduruisseau.com\/en\/wp-json\/wp\/v2\/product_brand?post=31810"},{"taxonomy":"product_cat","embeddable":true,"href":"https:\/\/levignobleduruisseau.com\/en\/wp-json\/wp\/v2\/product_cat?post=31810"},{"taxonomy":"product_tag","embeddable":true,"href":"https:\/\/levignobleduruisseau.com\/en\/wp-json\/wp\/v2\/product_tag?post=31810"}],"curies":[{"name":"wp","href":"https:\/\/api.w.org\/{rel}","templated":true}]}}