{"id":29844,"date":"2024-05-15T16:36:15","date_gmt":"2024-05-15T16:36:15","guid":{"rendered":"https:\/\/levignobleduruisseau.com\/?post_type=product&#038;p=29844"},"modified":"2024-12-06T17:40:00","modified_gmt":"2024-12-06T17:40:00","slug":"liqueur-de-cafe","status":"publish","type":"product","link":"https:\/\/levignobleduruisseau.com\/en\/product\/liqueur-de-cafe\/","title":{"rendered":"Liqueur de caf\u00e9"},"content":{"rendered":"<p>Format : 350ml<\/p>\n<p>% Alcool : 17 %<\/p>\n<p>Issu de : Sirop d&#8217;\u00e9rable<\/p>\n<p>\u00c9laboration : Fermentation en cuve d&#8217;inox, mut\u00e9 \u00e0 l&#8217;alcool, sucr\u00e9 au sirop d&#8217;\u00e9rable biologique<\/p>\n<p>\u00c9levage : Aucun<\/p>\n<p>&nbsp;<\/p>","protected":false},"excerpt":{"rendered":"<p>Format : 350ml % Alcool : 17 % Issu de : Sirop d&#8217;\u00e9rable \u00c9laboration : Fermentation en cuve d&#8217;inox, mut\u00e9 \u00e0 l&#8217;alcool, sucr\u00e9 au sirop d&#8217;\u00e9rable biologique \u00c9levage : Aucun &nbsp;<\/p>","protected":false},"featured_media":31800,"template":"","meta":{"pmpro_default_level":""},"product_brand":[],"product_cat":[160],"product_tag":[],"class_list":{"0":"post-29844","1":"product","2":"type-product","3":"status-publish","4":"has-post-thumbnail","6":"product_cat-tous-les-produits","7":"product_shipping_class-livraison-rapide","8":"pmpro-has-access","11":"first","12":"instock","13":"taxable","14":"shipping-taxable","15":"purchasable","16":"product-type-simple"},"_links":{"self":[{"href":"https:\/\/levignobleduruisseau.com\/en\/wp-json\/wp\/v2\/product\/29844","targetHints":{"allow":["GET"]}}],"collection":[{"href":"https:\/\/levignobleduruisseau.com\/en\/wp-json\/wp\/v2\/product"}],"about":[{"href":"https:\/\/levignobleduruisseau.com\/en\/wp-json\/wp\/v2\/types\/product"}],"version-history":[{"count":5,"href":"https:\/\/levignobleduruisseau.com\/en\/wp-json\/wp\/v2\/product\/29844\/revisions"}],"predecessor-version":[{"id":31614,"href":"https:\/\/levignobleduruisseau.com\/en\/wp-json\/wp\/v2\/product\/29844\/revisions\/31614"}],"wp:featuredmedia":[{"embeddable":true,"href":"https:\/\/levignobleduruisseau.com\/en\/wp-json\/wp\/v2\/media\/31800"}],"wp:attachment":[{"href":"https:\/\/levignobleduruisseau.com\/en\/wp-json\/wp\/v2\/media?parent=29844"}],"wp:term":[{"taxonomy":"product_brand","embeddable":true,"href":"https:\/\/levignobleduruisseau.com\/en\/wp-json\/wp\/v2\/product_brand?post=29844"},{"taxonomy":"product_cat","embeddable":true,"href":"https:\/\/levignobleduruisseau.com\/en\/wp-json\/wp\/v2\/product_cat?post=29844"},{"taxonomy":"product_tag","embeddable":true,"href":"https:\/\/levignobleduruisseau.com\/en\/wp-json\/wp\/v2\/product_tag?post=29844"}],"curies":[{"name":"wp","href":"https:\/\/api.w.org\/{rel}","templated":true}]}}