{"id":29843,"date":"2024-05-15T16:36:15","date_gmt":"2024-05-15T16:36:15","guid":{"rendered":"https:\/\/levignobleduruisseau.com\/?post_type=product&#038;p=29843"},"modified":"2025-07-17T15:24:52","modified_gmt":"2025-07-17T15:24:52","slug":"vermouth","status":"publish","type":"product","link":"https:\/\/levignobleduruisseau.com\/en\/product\/vermouth\/","title":{"rendered":"Vermouth"},"content":{"rendered":"<p>Format : 500ml<\/p>\n<p>% Alcool : 16,5 %<\/p>\n<p>C\u00e9page : Riesling<\/p>\n<p>\u00c9laboration : Fermentation en cuve d&#8217;inox, mac\u00e9ration sur aromate, mut\u00e9 \u00e0 l&#8217;alcool<\/p>\n<p>\u00c9levage : Aucun<\/p>","protected":false},"excerpt":{"rendered":"<p>Format : 500ml % Alcool : 16,5 % C\u00e9page : Riesling \u00c9laboration : Fermentation en cuve d&#8217;inox, mac\u00e9ration sur aromate, mut\u00e9 \u00e0 l&#8217;alcool \u00c9levage : Aucun<\/p>","protected":false},"featured_media":31801,"template":"","meta":{"pmpro_default_level":""},"product_brand":[],"product_cat":[146,160],"product_tag":[],"class_list":{"0":"post-29843","1":"product","2":"type-product","3":"status-publish","4":"has-post-thumbnail","6":"product_cat-spiritueux","7":"product_cat-tous-les-produits","8":"product_shipping_class-livraison-rapide","9":"pmpro-has-access","12":"first","13":"instock","14":"taxable","15":"shipping-taxable","16":"purchasable","17":"product-type-simple"},"_links":{"self":[{"href":"https:\/\/levignobleduruisseau.com\/en\/wp-json\/wp\/v2\/product\/29843","targetHints":{"allow":["GET"]}}],"collection":[{"href":"https:\/\/levignobleduruisseau.com\/en\/wp-json\/wp\/v2\/product"}],"about":[{"href":"https:\/\/levignobleduruisseau.com\/en\/wp-json\/wp\/v2\/types\/product"}],"version-history":[{"count":4,"href":"https:\/\/levignobleduruisseau.com\/en\/wp-json\/wp\/v2\/product\/29843\/revisions"}],"predecessor-version":[{"id":31855,"href":"https:\/\/levignobleduruisseau.com\/en\/wp-json\/wp\/v2\/product\/29843\/revisions\/31855"}],"wp:featuredmedia":[{"embeddable":true,"href":"https:\/\/levignobleduruisseau.com\/en\/wp-json\/wp\/v2\/media\/31801"}],"wp:attachment":[{"href":"https:\/\/levignobleduruisseau.com\/en\/wp-json\/wp\/v2\/media?parent=29843"}],"wp:term":[{"taxonomy":"product_brand","embeddable":true,"href":"https:\/\/levignobleduruisseau.com\/en\/wp-json\/wp\/v2\/product_brand?post=29843"},{"taxonomy":"product_cat","embeddable":true,"href":"https:\/\/levignobleduruisseau.com\/en\/wp-json\/wp\/v2\/product_cat?post=29843"},{"taxonomy":"product_tag","embeddable":true,"href":"https:\/\/levignobleduruisseau.com\/en\/wp-json\/wp\/v2\/product_tag?post=29843"}],"curies":[{"name":"wp","href":"https:\/\/api.w.org\/{rel}","templated":true}]}}