{"id":29842,"date":"2024-05-15T16:36:15","date_gmt":"2024-05-15T16:36:15","guid":{"rendered":"https:\/\/levignobleduruisseau.com\/?post_type=product&#038;p=29842"},"modified":"2025-07-17T15:24:17","modified_gmt":"2025-07-17T15:24:17","slug":"fortife-derable","status":"publish","type":"product","link":"https:\/\/levignobleduruisseau.com\/en\/product\/fortife-derable\/","title":{"rendered":"Fortif\u00e9 d&#8217;\u00e9rable"},"content":{"rendered":"<p>Format : 500ml<\/p>\n<p>% Alcool : 16,5 %<\/p>\n<p>Issu de : Sirop d&#8217;\u00e9rable<\/p>\n<p>\u00c9laboration : Fermentation en cuve d&#8217;inox, mut\u00e9 \u00e0 l&#8217;alcool, sucr\u00e9 au sirop d&#8217;\u00e9rable<\/p>\n<p>\u00c9levage : Aucun<\/p>","protected":false},"excerpt":{"rendered":"<p>Format : 500ml % Alcool : 16,5 % Issu de : Sirop d&#8217;\u00e9rable \u00c9laboration : Fermentation en cuve d&#8217;inox, mut\u00e9 \u00e0 l&#8217;alcool, sucr\u00e9 au sirop d&#8217;\u00e9rable \u00c9levage : Aucun<\/p>","protected":false},"featured_media":31814,"template":"","meta":{"pmpro_default_level":""},"product_brand":[],"product_cat":[146,160],"product_tag":[],"class_list":{"0":"post-29842","1":"product","2":"type-product","3":"status-publish","4":"has-post-thumbnail","6":"product_cat-spiritueux","7":"product_cat-tous-les-produits","8":"product_shipping_class-livraison-rapide","9":"pmpro-has-access","12":"first","13":"instock","14":"taxable","15":"shipping-taxable","16":"purchasable","17":"product-type-simple"},"_links":{"self":[{"href":"https:\/\/levignobleduruisseau.com\/en\/wp-json\/wp\/v2\/product\/29842","targetHints":{"allow":["GET"]}}],"collection":[{"href":"https:\/\/levignobleduruisseau.com\/en\/wp-json\/wp\/v2\/product"}],"about":[{"href":"https:\/\/levignobleduruisseau.com\/en\/wp-json\/wp\/v2\/types\/product"}],"version-history":[{"count":2,"href":"https:\/\/levignobleduruisseau.com\/en\/wp-json\/wp\/v2\/product\/29842\/revisions"}],"predecessor-version":[{"id":31624,"href":"https:\/\/levignobleduruisseau.com\/en\/wp-json\/wp\/v2\/product\/29842\/revisions\/31624"}],"wp:featuredmedia":[{"embeddable":true,"href":"https:\/\/levignobleduruisseau.com\/en\/wp-json\/wp\/v2\/media\/31814"}],"wp:attachment":[{"href":"https:\/\/levignobleduruisseau.com\/en\/wp-json\/wp\/v2\/media?parent=29842"}],"wp:term":[{"taxonomy":"product_brand","embeddable":true,"href":"https:\/\/levignobleduruisseau.com\/en\/wp-json\/wp\/v2\/product_brand?post=29842"},{"taxonomy":"product_cat","embeddable":true,"href":"https:\/\/levignobleduruisseau.com\/en\/wp-json\/wp\/v2\/product_cat?post=29842"},{"taxonomy":"product_tag","embeddable":true,"href":"https:\/\/levignobleduruisseau.com\/en\/wp-json\/wp\/v2\/product_tag?post=29842"}],"curies":[{"name":"wp","href":"https:\/\/api.w.org\/{rel}","templated":true}]}}