{"id":29841,"date":"2024-05-15T16:36:15","date_gmt":"2024-05-15T16:36:15","guid":{"rendered":"https:\/\/levignobleduruisseau.com\/?post_type=product&#038;p=29841"},"modified":"2025-07-25T19:53:17","modified_gmt":"2025-07-25T19:53:17","slug":"gin-no-11-citral","status":"publish","type":"product","link":"https:\/\/levignobleduruisseau.com\/en\/product\/gin-no-11-citral\/","title":{"rendered":"Gin No 11 Citral"},"content":{"rendered":"<p>Format : 500ml<\/p>\n<p>% Alcool : 30 %<\/p>\n<p>C\u00e9page : Chardonnay<\/p>\n<p>\u00c9laboration : Mac\u00e9ration sur peau de Chardonnay, sucr\u00e9 au jus de Chardonnay<\/p>\n<p>\u00c9levage : Aucun<\/p>","protected":false},"excerpt":{"rendered":"<p>Format : 500ml % Alcool : 30 % C\u00e9page : Chardonnay \u00c9laboration : Mac\u00e9ration sur peau de Chardonnay, sucr\u00e9 au jus de Chardonnay \u00c9levage : Aucun<\/p>","protected":false},"featured_media":31802,"template":"","meta":{"pmpro_default_level":""},"product_brand":[],"product_cat":[146,160],"product_tag":[],"class_list":{"0":"post-29841","1":"product","2":"type-product","3":"status-publish","4":"has-post-thumbnail","6":"product_cat-spiritueux","7":"product_cat-tous-les-produits","8":"product_shipping_class-livraison-rapide","9":"pmpro-has-access","12":"first","13":"instock","14":"taxable","15":"shipping-taxable","16":"purchasable","17":"product-type-simple"},"_links":{"self":[{"href":"https:\/\/levignobleduruisseau.com\/en\/wp-json\/wp\/v2\/product\/29841","targetHints":{"allow":["GET"]}}],"collection":[{"href":"https:\/\/levignobleduruisseau.com\/en\/wp-json\/wp\/v2\/product"}],"about":[{"href":"https:\/\/levignobleduruisseau.com\/en\/wp-json\/wp\/v2\/types\/product"}],"version-history":[{"count":5,"href":"https:\/\/levignobleduruisseau.com\/en\/wp-json\/wp\/v2\/product\/29841\/revisions"}],"predecessor-version":[{"id":31744,"href":"https:\/\/levignobleduruisseau.com\/en\/wp-json\/wp\/v2\/product\/29841\/revisions\/31744"}],"wp:featuredmedia":[{"embeddable":true,"href":"https:\/\/levignobleduruisseau.com\/en\/wp-json\/wp\/v2\/media\/31802"}],"wp:attachment":[{"href":"https:\/\/levignobleduruisseau.com\/en\/wp-json\/wp\/v2\/media?parent=29841"}],"wp:term":[{"taxonomy":"product_brand","embeddable":true,"href":"https:\/\/levignobleduruisseau.com\/en\/wp-json\/wp\/v2\/product_brand?post=29841"},{"taxonomy":"product_cat","embeddable":true,"href":"https:\/\/levignobleduruisseau.com\/en\/wp-json\/wp\/v2\/product_cat?post=29841"},{"taxonomy":"product_tag","embeddable":true,"href":"https:\/\/levignobleduruisseau.com\/en\/wp-json\/wp\/v2\/product_tag?post=29841"}],"curies":[{"name":"wp","href":"https:\/\/api.w.org\/{rel}","templated":true}]}}