{"id":29838,"date":"2024-05-15T16:36:15","date_gmt":"2024-05-15T16:36:15","guid":{"rendered":"https:\/\/levignobleduruisseau.com\/?post_type=product&#038;p=29838"},"modified":"2025-07-25T19:53:03","modified_gmt":"2025-07-25T19:53:03","slug":"versant-no-5-chardonnay","status":"publish","type":"product","link":"https:\/\/levignobleduruisseau.com\/en\/product\/versant-no-5-chardonnay\/","title":{"rendered":"Versant No 5 Chardonnay"},"content":{"rendered":"<p>Format : 350ml<\/p>\n<p>% Alcool : 40 %<\/p>\n<p>C\u00e9page : Chardonnay<\/p>\n<p>\u00c9laboration : Double distillation<\/p>\n<p>\u00c9levage : 12 mois en f\u00fbt de ch\u00eane fran\u00e7ais<\/p>","protected":false},"excerpt":{"rendered":"<p>Format : 350ml % Alcool : 40 % C\u00e9page : Chardonnay \u00c9laboration : Double distillation \u00c9levage : 12 mois en f\u00fbt de ch\u00eane fran\u00e7ais<\/p>","protected":false},"featured_media":31798,"template":"","meta":{"pmpro_default_level":""},"product_brand":[],"product_cat":[146,160],"product_tag":[],"class_list":{"0":"post-29838","1":"product","2":"type-product","3":"status-publish","4":"has-post-thumbnail","6":"product_cat-spiritueux","7":"product_cat-tous-les-produits","8":"product_shipping_class-livraison-rapide","9":"pmpro-has-access","12":"first","13":"outofstock","14":"taxable","15":"shipping-taxable","16":"purchasable","17":"product-type-simple"},"_links":{"self":[{"href":"https:\/\/levignobleduruisseau.com\/en\/wp-json\/wp\/v2\/product\/29838","targetHints":{"allow":["GET"]}}],"collection":[{"href":"https:\/\/levignobleduruisseau.com\/en\/wp-json\/wp\/v2\/product"}],"about":[{"href":"https:\/\/levignobleduruisseau.com\/en\/wp-json\/wp\/v2\/types\/product"}],"version-history":[{"count":7,"href":"https:\/\/levignobleduruisseau.com\/en\/wp-json\/wp\/v2\/product\/29838\/revisions"}],"predecessor-version":[{"id":31741,"href":"https:\/\/levignobleduruisseau.com\/en\/wp-json\/wp\/v2\/product\/29838\/revisions\/31741"}],"wp:featuredmedia":[{"embeddable":true,"href":"https:\/\/levignobleduruisseau.com\/en\/wp-json\/wp\/v2\/media\/31798"}],"wp:attachment":[{"href":"https:\/\/levignobleduruisseau.com\/en\/wp-json\/wp\/v2\/media?parent=29838"}],"wp:term":[{"taxonomy":"product_brand","embeddable":true,"href":"https:\/\/levignobleduruisseau.com\/en\/wp-json\/wp\/v2\/product_brand?post=29838"},{"taxonomy":"product_cat","embeddable":true,"href":"https:\/\/levignobleduruisseau.com\/en\/wp-json\/wp\/v2\/product_cat?post=29838"},{"taxonomy":"product_tag","embeddable":true,"href":"https:\/\/levignobleduruisseau.com\/en\/wp-json\/wp\/v2\/product_tag?post=29838"}],"curies":[{"name":"wp","href":"https:\/\/api.w.org\/{rel}","templated":true}]}}