{"id":29833,"date":"2024-05-15T16:36:14","date_gmt":"2024-05-15T16:36:14","guid":{"rendered":"https:\/\/levignobleduruisseau.com\/?post_type=product&#038;p=29833"},"modified":"2025-07-25T19:54:05","modified_gmt":"2025-07-25T19:54:05","slug":"foret-no-4","status":"publish","type":"product","link":"https:\/\/levignobleduruisseau.com\/en\/product\/foret-no-4\/","title":{"rendered":"For\u00eat No 4"},"content":{"rendered":"<p>Format : 500ml<\/p>\n<p>% Alcool : 40 %<\/p>\n<p>Issu de : Sirop d&#8217;\u00e9rable Biologique<\/p>\n<p>\u00c9laboration : Double distillation<\/p>\n<p>\u00c9levage : Aucun<\/p>","protected":false},"excerpt":{"rendered":"<p>Format : 500ml % Alcool : 40 % Issu de : Sirop d&#8217;\u00e9rable Biologique \u00c9laboration : Double distillation \u00c9levage : Aucun<\/p>","protected":false},"featured_media":31806,"template":"","meta":{"pmpro_default_level":""},"product_brand":[],"product_cat":[146,160],"product_tag":[],"class_list":{"0":"post-29833","1":"product","2":"type-product","3":"status-publish","4":"has-post-thumbnail","6":"product_cat-spiritueux","7":"product_cat-tous-les-produits","8":"product_shipping_class-livraison-rapide","9":"pmpro-has-access","12":"first","13":"instock","14":"taxable","15":"shipping-taxable","16":"purchasable","17":"product-type-simple"},"_links":{"self":[{"href":"https:\/\/levignobleduruisseau.com\/en\/wp-json\/wp\/v2\/product\/29833","targetHints":{"allow":["GET"]}}],"collection":[{"href":"https:\/\/levignobleduruisseau.com\/en\/wp-json\/wp\/v2\/product"}],"about":[{"href":"https:\/\/levignobleduruisseau.com\/en\/wp-json\/wp\/v2\/types\/product"}],"version-history":[{"count":6,"href":"https:\/\/levignobleduruisseau.com\/en\/wp-json\/wp\/v2\/product\/29833\/revisions"}],"predecessor-version":[{"id":31750,"href":"https:\/\/levignobleduruisseau.com\/en\/wp-json\/wp\/v2\/product\/29833\/revisions\/31750"}],"wp:featuredmedia":[{"embeddable":true,"href":"https:\/\/levignobleduruisseau.com\/en\/wp-json\/wp\/v2\/media\/31806"}],"wp:attachment":[{"href":"https:\/\/levignobleduruisseau.com\/en\/wp-json\/wp\/v2\/media?parent=29833"}],"wp:term":[{"taxonomy":"product_brand","embeddable":true,"href":"https:\/\/levignobleduruisseau.com\/en\/wp-json\/wp\/v2\/product_brand?post=29833"},{"taxonomy":"product_cat","embeddable":true,"href":"https:\/\/levignobleduruisseau.com\/en\/wp-json\/wp\/v2\/product_cat?post=29833"},{"taxonomy":"product_tag","embeddable":true,"href":"https:\/\/levignobleduruisseau.com\/en\/wp-json\/wp\/v2\/product_tag?post=29833"}],"curies":[{"name":"wp","href":"https:\/\/api.w.org\/{rel}","templated":true}]}}