{"id":29828,"date":"2024-05-15T16:36:14","date_gmt":"2024-05-15T16:36:14","guid":{"rendered":"https:\/\/levignobleduruisseau.com\/?post_type=product&#038;p=29828"},"modified":"2025-10-22T14:41:54","modified_gmt":"2025-10-22T14:41:54","slug":"chardonnay-prestige-2020","status":"publish","type":"product","link":"https:\/\/levignobleduruisseau.com\/en\/product\/chardonnay-prestige-2020\/","title":{"rendered":"Chardonnay Prestige 2020"},"content":{"rendered":"<p>Format : 750ml<\/p>\n<p>% Alcool : 13 %<\/p>\n<p>C\u00e9page : Chardonnay<\/p>\n<p>\u00c9levage : Vieillit 18 mois en f\u00fbt de ch\u00eane fran\u00e7ais<\/p>\n<p>Sucre r\u00e9siduel : 1,9 g\/L<\/p>","protected":false},"excerpt":{"rendered":"<p>Format : 750ml % Alcool : 13 % C\u00e9page : Chardonnay \u00c9levage : Vieillit 18 mois en f\u00fbt de ch\u00eane fran\u00e7ais Sucre r\u00e9siduel : 1,9 g\/L<\/p>","protected":false},"featured_media":31816,"template":"","meta":{"pmpro_default_level":""},"product_brand":[],"product_cat":[169,160,143],"product_tag":[],"class_list":{"0":"post-29828","1":"product","2":"type-product","3":"status-publish","4":"has-post-thumbnail","6":"product_cat-blancs","7":"product_cat-tous-les-produits","8":"product_cat-vins","9":"pmpro-has-access","12":"first","13":"instock","14":"taxable","15":"shipping-taxable","16":"purchasable","17":"product-type-simple"},"_links":{"self":[{"href":"https:\/\/levignobleduruisseau.com\/en\/wp-json\/wp\/v2\/product\/29828","targetHints":{"allow":["GET"]}}],"collection":[{"href":"https:\/\/levignobleduruisseau.com\/en\/wp-json\/wp\/v2\/product"}],"about":[{"href":"https:\/\/levignobleduruisseau.com\/en\/wp-json\/wp\/v2\/types\/product"}],"version-history":[{"count":5,"href":"https:\/\/levignobleduruisseau.com\/en\/wp-json\/wp\/v2\/product\/29828\/revisions"}],"predecessor-version":[{"id":31746,"href":"https:\/\/levignobleduruisseau.com\/en\/wp-json\/wp\/v2\/product\/29828\/revisions\/31746"}],"wp:featuredmedia":[{"embeddable":true,"href":"https:\/\/levignobleduruisseau.com\/en\/wp-json\/wp\/v2\/media\/31816"}],"wp:attachment":[{"href":"https:\/\/levignobleduruisseau.com\/en\/wp-json\/wp\/v2\/media?parent=29828"}],"wp:term":[{"taxonomy":"product_brand","embeddable":true,"href":"https:\/\/levignobleduruisseau.com\/en\/wp-json\/wp\/v2\/product_brand?post=29828"},{"taxonomy":"product_cat","embeddable":true,"href":"https:\/\/levignobleduruisseau.com\/en\/wp-json\/wp\/v2\/product_cat?post=29828"},{"taxonomy":"product_tag","embeddable":true,"href":"https:\/\/levignobleduruisseau.com\/en\/wp-json\/wp\/v2\/product_tag?post=29828"}],"curies":[{"name":"wp","href":"https:\/\/api.w.org\/{rel}","templated":true}]}}