{"id":29823,"date":"2024-05-15T16:36:13","date_gmt":"2024-05-15T16:36:13","guid":{"rendered":"https:\/\/levignobleduruisseau.com\/?post_type=product&#038;p=29823"},"modified":"2025-07-17T15:29:53","modified_gmt":"2025-07-17T15:29:53","slug":"bulle-derable-bio","status":"publish","type":"product","link":"https:\/\/levignobleduruisseau.com\/en\/product\/bulle-derable-bio\/","title":{"rendered":"Bulle d&#8217;\u00e9rable Biologique"},"content":{"rendered":"<p>Format : 375ml<\/p>\n<p>% Alcool : 12%<\/p>\n<p>Issu de : Sirop d&#8217;\u00e9rable Biologique<\/p>\n<p>\u00c9levage : 12 mois sur latte<\/p>\n<p>Sucre r\u00e9siduel : 10g \/L<\/p>","protected":false},"excerpt":{"rendered":"<p>Format : 375ml % Alcool : 12% Issu de : Sirop d&#8217;\u00e9rable Biologique \u00c9levage : 12 mois sur latte Sucre r\u00e9siduel : 10g \/L<\/p>","protected":false},"featured_media":31821,"template":"","meta":{"pmpro_default_level":""},"product_brand":[],"product_cat":[171,172,160,143],"product_tag":[],"class_list":{"0":"post-29823","1":"product","2":"type-product","3":"status-publish","4":"has-post-thumbnail","6":"product_cat-mousseux","7":"product_cat-produits-derable","8":"product_cat-tous-les-produits","9":"product_cat-vins","10":"product_shipping_class-livraison-rapide","11":"pmpro-has-access","14":"first","15":"instock","16":"taxable","17":"shipping-taxable","18":"purchasable","19":"product-type-simple"},"_links":{"self":[{"href":"https:\/\/levignobleduruisseau.com\/en\/wp-json\/wp\/v2\/product\/29823","targetHints":{"allow":["GET"]}}],"collection":[{"href":"https:\/\/levignobleduruisseau.com\/en\/wp-json\/wp\/v2\/product"}],"about":[{"href":"https:\/\/levignobleduruisseau.com\/en\/wp-json\/wp\/v2\/types\/product"}],"version-history":[{"count":3,"href":"https:\/\/levignobleduruisseau.com\/en\/wp-json\/wp\/v2\/product\/29823\/revisions"}],"predecessor-version":[{"id":31690,"href":"https:\/\/levignobleduruisseau.com\/en\/wp-json\/wp\/v2\/product\/29823\/revisions\/31690"}],"wp:featuredmedia":[{"embeddable":true,"href":"https:\/\/levignobleduruisseau.com\/en\/wp-json\/wp\/v2\/media\/31821"}],"wp:attachment":[{"href":"https:\/\/levignobleduruisseau.com\/en\/wp-json\/wp\/v2\/media?parent=29823"}],"wp:term":[{"taxonomy":"product_brand","embeddable":true,"href":"https:\/\/levignobleduruisseau.com\/en\/wp-json\/wp\/v2\/product_brand?post=29823"},{"taxonomy":"product_cat","embeddable":true,"href":"https:\/\/levignobleduruisseau.com\/en\/wp-json\/wp\/v2\/product_cat?post=29823"},{"taxonomy":"product_tag","embeddable":true,"href":"https:\/\/levignobleduruisseau.com\/en\/wp-json\/wp\/v2\/product_tag?post=29823"}],"curies":[{"name":"wp","href":"https:\/\/api.w.org\/{rel}","templated":true}]}}