{"id":9095,"date":"2020-01-13T06:50:18","date_gmt":"2020-01-13T06:50:18","guid":{"rendered":"https:\/\/wpbingosite.com\/wordpress\/kowine\/?page_id=9095"},"modified":"2024-05-21T18:11:04","modified_gmt":"2024-05-21T18:11:04","slug":"about-us","status":"publish","type":"page","link":"https:\/\/levignobleduruisseau.com\/en\/about-us\/","title":{"rendered":"Notre histoire"},"content":{"rendered":"<div data-elementor-type=\"wp-page\" data-elementor-id=\"9095\" class=\"elementor elementor-9095\">\n\t\t\t\t\t\t<section class=\"elementor-section elementor-top-section elementor-element elementor-element-d17e205 elementor-section-full_width elementor-section-stretched elementor-section-height-default elementor-section-height-default\" data-id=\"d17e205\" data-element_type=\"section\" data-settings=\"{&quot;background_background&quot;:&quot;classic&quot;,&quot;stretch_section&quot;:&quot;section-stretched&quot;}\">\n\t\t\t\t\t\t<div class=\"elementor-container elementor-column-gap-default\">\n\t\t\t\t\t<div class=\"elementor-column elementor-col-100 elementor-top-column elementor-element elementor-element-52b9c04\" data-id=\"52b9c04\" data-element_type=\"column\">\n\t\t\t<div class=\"elementor-widget-wrap\">\n\t\t\t\t\t\t\t<\/div>\n\t\t<\/div>\n\t\t\t\t\t<\/div>\n\t\t<\/section>\n\t\t\t\t<section class=\"elementor-section elementor-top-section elementor-element elementor-element-21522ce elementor-section-stretched elementor-section-boxed elementor-section-height-default elementor-section-height-default\" data-id=\"21522ce\" data-element_type=\"section\" data-settings=\"{&quot;background_background&quot;:&quot;classic&quot;,&quot;stretch_section&quot;:&quot;section-stretched&quot;}\">\n\t\t\t\t\t\t<div class=\"elementor-container elementor-column-gap-no\">\n\t\t\t\t\t<div class=\"elementor-column elementor-col-100 elementor-top-column elementor-element elementor-element-e7892d2\" data-id=\"e7892d2\" data-element_type=\"column\">\n\t\t\t<div class=\"elementor-widget-wrap elementor-element-populated\">\n\t\t\t\t\t\t<div class=\"elementor-element elementor-element-d634204 elementor-widget elementor-widget-bwp_image\" data-id=\"d634204\" data-element_type=\"widget\" data-widget_type=\"bwp_image.default\">\n\t\t\t\t<div class=\"elementor-widget-container\">\n\t\t\t\t\t<div class=\"bwp-widget-banner layout-6 style-1\">\r\n\t\t\r\n\t<div class=\"bg-banner\">\t\t\r\n\t\t<div class=\"banner-wrapper banners\">\r\n\t\t\t<div class=\"bwp-image\">\r\n\t\t\t\t\t\t\t\t\t<a href=\"#\"><img decoding=\"async\" src=\"https:\/\/levignobleduruisseau.com\/wp-content\/uploads\/revslider\/slider-5\/Exterior-0626-scaled.jpg\" alt=\"Banner Image\"><\/a>\r\n\t\t\t\t\t\t\t<\/div>\r\n\t\t\t<div class=\"banner-wrapper-infor\">\r\n\t\t\t\t<div class=\"info\">\r\n\t\t\t\t\t<div class=\"content\">\r\n\t\t\t\t\t\t\t\t\t\t\t\t\t\t\t\t\t\t<h3 class=\"title-banner\">HISTORY<\/h3>\r\n\t\t\t\t\t\t\t\t\t\t\t\t\t\t\t\t\t\t<div class=\"bwp-image-description\">\r\n\t\t\t\t\t\t\t\t\t\t\t\t\t\r\n\t\t\t\t\t\t\t\tIt started with a dream and a common passion for wine among the members of our family. A father and a mother ex-chartered accountants who have been successful for more than 30 years in the field of construction and their daughter who has a background of a little art, a little service, a little sommelier but mainly a lot of passion to be the winegrower. A united family, heterogeneous in its knowledge and self-taught, which makes us lovers of our profession, our dream, our adventure. This story is simply the passion for good wine and good food! We work to transmit this heritage from generation to generation.\t\t\t\t\t\t\r\n\t\t\t\t\t\t\t\t\t\t\t\t\t<\/div>\t\r\n\t\t\t\t\t\t\t\t\t\t\t\t\t\t\t\t\t<\/div>\r\n\t\t\t\t<\/div>\r\n\t\t\t<\/div>\r\n\t\t<\/div>\r\n\t<\/div>\r\n\t<\/div>\r\n\t\t\t\t<\/div>\n\t\t\t\t<\/div>\n\t\t\t\t\t<\/div>\n\t\t<\/div>\n\t\t\t\t\t<\/div>\n\t\t<\/section>\n\t\t\t\t<section class=\"elementor-section elementor-top-section elementor-element elementor-element-041ae60 elementor-section-stretched elementor-section-boxed elementor-section-height-default elementor-section-height-default\" data-id=\"041ae60\" data-element_type=\"section\" data-settings=\"{&quot;background_background&quot;:&quot;classic&quot;,&quot;stretch_section&quot;:&quot;section-stretched&quot;}\">\n\t\t\t\t\t\t<div class=\"elementor-container elementor-column-gap-no\">\n\t\t\t\t\t<div class=\"elementor-column elementor-col-100 elementor-top-column elementor-element elementor-element-4056b51\" data-id=\"4056b51\" data-element_type=\"column\">\n\t\t\t<div class=\"elementor-widget-wrap elementor-element-populated\">\n\t\t\t\t\t\t<div class=\"elementor-element elementor-element-7c70e87 elementor-widget elementor-widget-bwp_image\" data-id=\"7c70e87\" data-element_type=\"widget\" data-widget_type=\"bwp_image.default\">\n\t\t\t\t<div class=\"elementor-widget-container\">\n\t\t\t\t\t<div class=\"bwp-widget-banner layout-6 style-1\">\r\n\t\t\r\n\t<div class=\"bg-banner\">\t\t\r\n\t\t<div class=\"banner-wrapper banners\">\r\n\t\t\t<div class=\"bwp-image\">\r\n\t\t\t\t\t\t\t\t\t<a href=\"#\"><img decoding=\"async\" src=\"https:\/\/levignobleduruisseau.com\/wp-content\/uploads\/2022\/08\/PHILOSOPHIE-1.png\" alt=\"Banner Image\"><\/a>\r\n\t\t\t\t\t\t\t<\/div>\r\n\t\t\t<div class=\"banner-wrapper-infor\">\r\n\t\t\t\t<div class=\"info\">\r\n\t\t\t\t\t<div class=\"content\">\r\n\t\t\t\t\t\t\t\t\t\t\t\t\t\t\t\t\t\t<h3 class=\"title-banner\">PHILOSOPHY<\/h3>\r\n\t\t\t\t\t\t\t\t\t\t\t\t\t\t\t\t\t\t<div class=\"bwp-image-description\">\r\n\t\t\t\t\t\t\t\t\t\t\t\t\t\r\n\t\t\t\t\t\t\t\tAlthough agricultural and chemical aspects are involved, growing grapes and making wine is an art. The term \"reasoned\" best describes the way we cultivate our 7.5 hectares of shale soil. The harvest, that key moment in a vineyard, is done with great care. Our manual harvest allows us to select the bunches with the right maturity, thus ensuring the quality of the grapes picked. A traditional know-how with state of the art facilities defines our way of working.\t\t\t\t\t\t\r\n\t\t\t\t\t\t\t\t\t\t\t\t\t<\/div>\t\r\n\t\t\t\t\t\t\t\t\t\t\t\t\t\t\t\t\t<\/div>\r\n\t\t\t\t<\/div>\r\n\t\t\t<\/div>\r\n\t\t<\/div>\r\n\t<\/div>\r\n\t<\/div>\r\n\t\t\t\t<\/div>\n\t\t\t\t<\/div>\n\t\t\t\t\t<\/div>\n\t\t<\/div>\n\t\t\t\t\t<\/div>\n\t\t<\/section>\n\t\t\t\t<section class=\"elementor-section elementor-top-section elementor-element elementor-element-9df4c85 elementor-section-stretched elementor-section-boxed elementor-section-height-default elementor-section-height-default\" data-id=\"9df4c85\" data-element_type=\"section\" data-settings=\"{&quot;background_background&quot;:&quot;classic&quot;,&quot;stretch_section&quot;:&quot;section-stretched&quot;}\">\n\t\t\t\t\t\t<div class=\"elementor-container elementor-column-gap-no\">\n\t\t\t\t\t<div class=\"elementor-column elementor-col-100 elementor-top-column elementor-element elementor-element-59e4fd8\" data-id=\"59e4fd8\" data-element_type=\"column\">\n\t\t\t<div class=\"elementor-widget-wrap elementor-element-populated\">\n\t\t\t\t\t\t<div class=\"elementor-element elementor-element-55c8192 elementor-widget elementor-widget-bwp_image\" data-id=\"55c8192\" data-element_type=\"widget\" data-widget_type=\"bwp_image.default\">\n\t\t\t\t<div class=\"elementor-widget-container\">\n\t\t\t\t\t<div class=\"bwp-widget-banner layout-6 style-1\">\r\n\t\t\r\n\t<div class=\"bg-banner\">\t\t\r\n\t\t<div class=\"banner-wrapper banners\">\r\n\t\t\t<div class=\"bwp-image\">\r\n\t\t\t\t\t\t\t\t\t<a href=\"#\"><img decoding=\"async\" src=\"https:\/\/levignobleduruisseau.com\/wp-content\/uploads\/2022\/07\/pinotnoirsous-tunnels.png\" alt=\"Banner Image\"><\/a>\r\n\t\t\t\t\t\t\t<\/div>\r\n\t\t\t<div class=\"banner-wrapper-infor\">\r\n\t\t\t\t<div class=\"info\">\r\n\t\t\t\t\t<div class=\"content\">\r\n\t\t\t\t\t\t\t\t\t\t\t\t\t\t\t\t\t\t<h3 class=\"title-banner\">TECHNOLOGY<\/h3>\r\n\t\t\t\t\t\t\t\t\t\t\t\t\t\t\t\t\t\t<div class=\"bwp-image-description\">\r\n\t\t\t\t\t\t\t\t\t\t\t\t\t\r\n\t\t\t\t\t\t\t\tUnusually, our vines are maintained at a temperature of -10\u00b0C during the cold season thanks to geothermal energy. This technology also allows us to protect our vines from late winter frosts and to extend the growing season. The use of this renewable energy to heat the vines is a unique idea and the result of a lot of work, imagination and folly on the part of our team. This patented world first consists in drawing energy from the soil to heat the berries.\t\t\t\t\t\t\r\n\t\t\t\t\t\t\t\t\t\t\t\t\t<\/div>\t\r\n\t\t\t\t\t\t\t\t\t\t\t\t\t\t\t\t\t<\/div>\r\n\t\t\t\t<\/div>\r\n\t\t\t<\/div>\r\n\t\t<\/div>\r\n\t<\/div>\r\n\t<\/div>\r\n\t\t\t\t<\/div>\n\t\t\t\t<\/div>\n\t\t\t\t\t<\/div>\n\t\t<\/div>\n\t\t\t\t\t<\/div>\n\t\t<\/section>\n\t\t\t\t<section class=\"elementor-section elementor-top-section elementor-element elementor-element-32d347d elementor-section-stretched elementor-section-boxed elementor-section-height-default elementor-section-height-default\" data-id=\"32d347d\" data-element_type=\"section\" data-settings=\"{&quot;background_background&quot;:&quot;classic&quot;,&quot;stretch_section&quot;:&quot;section-stretched&quot;}\">\n\t\t\t\t\t\t<div class=\"elementor-container elementor-column-gap-no\">\n\t\t\t\t\t<div class=\"elementor-column elementor-col-100 elementor-top-column elementor-element elementor-element-c6c62e3\" data-id=\"c6c62e3\" data-element_type=\"column\">\n\t\t\t<div class=\"elementor-widget-wrap elementor-element-populated\">\n\t\t\t\t\t\t<div class=\"elementor-element elementor-element-84c848e elementor-widget elementor-widget-bwp_image\" data-id=\"84c848e\" data-element_type=\"widget\" data-widget_type=\"bwp_image.default\">\n\t\t\t\t<div class=\"elementor-widget-container\">\n\t\t\t\t\t<div class=\"bwp-widget-banner layout-6 style-1\">\r\n\t\t\r\n\t<div class=\"bg-banner\">\t\t\r\n\t\t<div class=\"banner-wrapper banners\">\r\n\t\t\t<div class=\"bwp-image\">\r\n\t\t\t\t\t\t\t\t\t<a href=\"#\"><img decoding=\"async\" src=\"https:\/\/levignobleduruisseau.com\/wp-content\/uploads\/2023\/01\/Sans-titre-32.jpg\" alt=\"Banner Image\"><\/a>\r\n\t\t\t\t\t\t\t<\/div>\r\n\t\t\t<div class=\"banner-wrapper-infor\">\r\n\t\t\t\t<div class=\"info\">\r\n\t\t\t\t\t<div class=\"content\">\r\n\t\t\t\t\t\t\t\t\t\t\t\t\t\t\t\t\t\t<h3 class=\"title-banner\">ENVIRONMENT<\/h3>\r\n\t\t\t\t\t\t\t\t\t\t\t\t\t\t\t\t\t\t<div class=\"bwp-image-description\">\r\n\t\t\t\t\t\t\t\t\t\t\t\t\t\r\n\t\t\t\t\t\t\t\tWe are always striving to improve our way of doing things: the energy used to heat our winery, our vats, our cellars and all our air conditioning needs is obtained through geothermal energy. Using energy from the ground through geothermal energy minimizes our environmental footprint. All of our wastewater, including that from the production of our products, is treated before being disposed of by infiltration into the ground. Our packaging is 100% recyclable and even our glass bottles are made from 85% recycled glass. We recycle and compost in all departments including the kitchen and dining room. We have several gardens, under the concept of organic farming, in order to develop products for the store or our menus.  We have implemented a paperless environment for our offices. We value local purchasing and partnerships with nearby producers. There is always room for improvement, the future will only be greener in the way we operate. The main idea is to pass on to future generations an example and a healthy agricultural business!\t\t\t\t\t\t\r\n\t\t\t\t\t\t\t\t\t\t\t\t\t<\/div>\t\r\n\t\t\t\t\t\t\t\t\t\t\t\t\t\t\t\t\t<\/div>\r\n\t\t\t\t<\/div>\r\n\t\t\t<\/div>\r\n\t\t<\/div>\r\n\t<\/div>\r\n\t<\/div>\r\n\t\t\t\t<\/div>\n\t\t\t\t<\/div>\n\t\t\t\t\t<\/div>\n\t\t<\/div>\n\t\t\t\t\t<\/div>\n\t\t<\/section>\n\t\t\t\t<\/div>","protected":false},"excerpt":{"rendered":"<p>HISTOIRE Cela a d\u00e9but\u00e9 par un r\u00eave et une passion commune du vin entre les membres de notre famille. Un p\u00e8re et une m\u00e8re ex-comptables agr\u00e9\u00e9s qui ont eu du succ\u00e8s pendant plus de 30 ans dans le domaine de la construction et leur fille qui a comme bagage un peu d\u2019art, un peu de [&hellip;]<\/p>","protected":false},"author":1,"featured_media":0,"parent":0,"menu_order":0,"comment_status":"closed","ping_status":"closed","template":"","meta":{"pmpro_default_level":"","footnotes":""},"class_list":["post-9095","page","type-page","status-publish","hentry","pmpro-has-access"],"_links":{"self":[{"href":"https:\/\/levignobleduruisseau.com\/en\/wp-json\/wp\/v2\/pages\/9095","targetHints":{"allow":["GET"]}}],"collection":[{"href":"https:\/\/levignobleduruisseau.com\/en\/wp-json\/wp\/v2\/pages"}],"about":[{"href":"https:\/\/levignobleduruisseau.com\/en\/wp-json\/wp\/v2\/types\/page"}],"author":[{"embeddable":true,"href":"https:\/\/levignobleduruisseau.com\/en\/wp-json\/wp\/v2\/users\/1"}],"replies":[{"embeddable":true,"href":"https:\/\/levignobleduruisseau.com\/en\/wp-json\/wp\/v2\/comments?post=9095"}],"version-history":[{"count":49,"href":"https:\/\/levignobleduruisseau.com\/en\/wp-json\/wp\/v2\/pages\/9095\/revisions"}],"predecessor-version":[{"id":30175,"href":"https:\/\/levignobleduruisseau.com\/en\/wp-json\/wp\/v2\/pages\/9095\/revisions\/30175"}],"wp:attachment":[{"href":"https:\/\/levignobleduruisseau.com\/en\/wp-json\/wp\/v2\/media?parent=9095"}],"curies":[{"name":"wp","href":"https:\/\/api.w.org\/{rel}","templated":true}]}}