{"id":30304,"date":"2024-05-21T19:29:41","date_gmt":"2024-05-21T19:29:41","guid":{"rendered":"https:\/\/levignobleduruisseau.com\/?page_id=30304"},"modified":"2026-04-28T17:39:25","modified_gmt":"2026-04-28T17:39:25","slug":"visites-guidees","status":"publish","type":"page","link":"https:\/\/levignobleduruisseau.com\/en\/visites-guidees\/","title":{"rendered":"GUIDED TOUR"},"content":{"rendered":"<div data-elementor-type=\"wp-page\" data-elementor-id=\"30304\" class=\"elementor elementor-30304\">\n\t\t\t\t\t\t<section class=\"elementor-section elementor-top-section elementor-element elementor-element-d17e205 elementor-section-full_width elementor-section-stretched elementor-section-height-default elementor-section-height-default\" data-id=\"d17e205\" data-element_type=\"section\" data-settings=\"{&quot;background_background&quot;:&quot;classic&quot;,&quot;stretch_section&quot;:&quot;section-stretched&quot;}\">\n\t\t\t\t\t\t<div class=\"elementor-container elementor-column-gap-default\">\n\t\t\t\t\t<div class=\"elementor-column elementor-col-100 elementor-top-column elementor-element elementor-element-52b9c04\" data-id=\"52b9c04\" data-element_type=\"column\">\n\t\t\t<div class=\"elementor-widget-wrap\">\n\t\t\t\t\t\t\t<\/div>\n\t\t<\/div>\n\t\t\t\t\t<\/div>\n\t\t<\/section>\n\t\t\t\t<section class=\"elementor-section elementor-top-section elementor-element elementor-element-21522ce elementor-section-stretched elementor-section-boxed elementor-section-height-default elementor-section-height-default\" data-id=\"21522ce\" data-element_type=\"section\" data-settings=\"{&quot;background_background&quot;:&quot;classic&quot;,&quot;stretch_section&quot;:&quot;section-stretched&quot;}\">\n\t\t\t\t\t\t<div class=\"elementor-container elementor-column-gap-no\">\n\t\t\t\t\t<div class=\"elementor-column elementor-col-100 elementor-top-column elementor-element elementor-element-e7892d2\" data-id=\"e7892d2\" data-element_type=\"column\">\n\t\t\t<div class=\"elementor-widget-wrap elementor-element-populated\">\n\t\t\t\t\t\t<div class=\"elementor-element elementor-element-da0a3da elementor-widget elementor-widget-heading\" data-id=\"da0a3da\" data-element_type=\"widget\" data-widget_type=\"heading.default\">\n\t\t\t\t<div class=\"elementor-widget-container\">\n\t\t\t\t\t<h1 class=\"elementor-heading-title elementor-size-default\">GUIDED TOUR<\/h1>\t\t\t\t<\/div>\n\t\t\t\t<\/div>\n\t\t\t\t<div class=\"elementor-element elementor-element-7095c41 elementor-widget elementor-widget-text-editor\" data-id=\"7095c41\" data-element_type=\"widget\" data-widget_type=\"text-editor.default\">\n\t\t\t\t<div class=\"elementor-widget-container\">\n\t\t\t\t\t\t\t\t\t<p>*All of our guided tours include a 30-minute walk on gravel.<\/p><p>* For groups over 20 people please contact us directly<\/p>\t\t\t\t\t\t\t\t<\/div>\n\t\t\t\t<\/div>\n\t\t\t\t\t<\/div>\n\t\t<\/div>\n\t\t\t\t\t<\/div>\n\t\t<\/section>\n\t\t\t\t<section class=\"elementor-section elementor-top-section elementor-element elementor-element-b1630a6 elementor-section-stretched elementor-section-boxed elementor-section-height-default elementor-section-height-default\" data-id=\"b1630a6\" data-element_type=\"section\" data-settings=\"{&quot;background_background&quot;:&quot;classic&quot;,&quot;stretch_section&quot;:&quot;section-stretched&quot;}\">\n\t\t\t\t\t\t<div class=\"elementor-container elementor-column-gap-no\">\n\t\t\t\t\t<div class=\"elementor-column elementor-col-100 elementor-top-column elementor-element elementor-element-c8a0cbb\" data-id=\"c8a0cbb\" data-element_type=\"column\">\n\t\t\t<div class=\"elementor-widget-wrap elementor-element-populated\">\n\t\t\t\t\t\t<div class=\"elementor-element elementor-element-f2b2cf1 elementor-widget elementor-widget-bwp_image\" data-id=\"f2b2cf1\" data-element_type=\"widget\" data-widget_type=\"bwp_image.default\">\n\t\t\t\t<div class=\"elementor-widget-container\">\n\t\t\t\t\t<div class=\"bwp-widget-banner layout-6 style-1\">\r\n\t\t\r\n\t<div class=\"bg-banner\">\t\t\r\n\t\t<div class=\"banner-wrapper banners\">\r\n\t\t\t<div class=\"bwp-image\">\r\n\t\t\t\t\t\t\t\t\t<a href=\"https:\/\/widgets.libroreserve.com\/WEB\/QC016209976118\/book\"><img decoding=\"async\" src=\"https:\/\/levignobleduruisseau.com\/wp-content\/uploads\/2022\/07\/Vignoble-du-Ruisseau-Edits-0389-2.jpg\" alt=\"Banner Image\"><\/a>\r\n\t\t\t\t\t\t\t<\/div>\r\n\t\t\t<div class=\"banner-wrapper-infor\">\r\n\t\t\t\t<div class=\"info\">\r\n\t\t\t\t\t<div class=\"content\">\r\n\t\t\t\t\t\t\t\t\t\t\t\t\t\t\t\t\t\t<h3 class=\"title-banner\">THE DISCOVERY TOUR AND TASTING<\/h3>\r\n\t\t\t\t\t\t\t\t\t\t\t\t\t\t\t\t\t\t<div class=\"bwp-image-description\">\r\n\t\t\t\t\t\t\t\t\t\t\t\t\t\r\n\t\t\t\t\t\t\t\tA one-hour guided experience where your guide takes you on a discovery through our vineyard, sharing insights into our winemaking processes, <br>\n\nand ending with a tasting of four wines (4 x 30 ml) in our Pinot Noir Tasting Room, nestled between the barrel rooms for an immersive experience. <br>  <br> \n\n\n\nPrice: $45 <br>\n\nTime slots: 11:00 AM, 12:30 PM &amp; 4:30 PM<br>\n\n\n\n\n\nDuration: 60 minutes<br><br>\n\n\nTo make a reservation, please contact us at (450) 538-3782 or email us at info@levignobleduruisseau.com.\t\t\t\t\t\t\r\n\t\t\t\t\t\t\t\t\t\t\t\t\t<\/div>\t\r\n\t\t\t\t\t\t\t\t\t\t\t\t\t\t\t\t\t<\/div>\r\n\t\t\t\t<\/div>\r\n\t\t\t<\/div>\r\n\t\t<\/div>\r\n\t<\/div>\r\n\t<\/div>\r\n\t\t\t\t<\/div>\n\t\t\t\t<\/div>\n\t\t\t\t\t<\/div>\n\t\t<\/div>\n\t\t\t\t\t<\/div>\n\t\t<\/section>\n\t\t\t\t<section class=\"elementor-section elementor-top-section elementor-element elementor-element-50fee15 elementor-section-stretched elementor-section-boxed elementor-section-height-default elementor-section-height-default\" data-id=\"50fee15\" data-element_type=\"section\" data-settings=\"{&quot;background_background&quot;:&quot;classic&quot;,&quot;stretch_section&quot;:&quot;section-stretched&quot;}\">\n\t\t\t\t\t\t<div class=\"elementor-container elementor-column-gap-no\">\n\t\t\t\t\t<div class=\"elementor-column elementor-col-100 elementor-top-column elementor-element elementor-element-1f2d0de\" data-id=\"1f2d0de\" data-element_type=\"column\">\n\t\t\t<div class=\"elementor-widget-wrap elementor-element-populated\">\n\t\t\t\t\t\t<div class=\"elementor-element elementor-element-949a602 elementor-widget elementor-widget-bwp_image\" data-id=\"949a602\" data-element_type=\"widget\" data-widget_type=\"bwp_image.default\">\n\t\t\t\t<div class=\"elementor-widget-container\">\n\t\t\t\t\t<div class=\"bwp-widget-banner layout-6 style-1\">\r\n\t\t\r\n\t<div class=\"bg-banner\">\t\t\r\n\t\t<div class=\"banner-wrapper banners\">\r\n\t\t\t<div class=\"bwp-image\">\r\n\t\t\t\t\t\t\t\t\t<a href=\"https:\/\/widgets.libroreserve.com\/WEB\/QC016209976118\/book\"><img decoding=\"async\" src=\"https:\/\/levignobleduruisseau.com\/wp-content\/uploads\/2022\/07\/Vignoble-Du-Ruisseau-Dec-2019-Vignoble-Edits-0124.jpg\" alt=\"Banner Image\"><\/a>\r\n\t\t\t\t\t\t\t<\/div>\r\n\t\t\t<div class=\"banner-wrapper-infor\">\r\n\t\t\t\t<div class=\"info\">\r\n\t\t\t\t\t<div class=\"content\">\r\n\t\t\t\t\t\t\t\t\t\t\t\t\t\t\t\t\t\t<h3 class=\"title-banner\">THE CONNOISSEUR EXPERIENCE<\/h3>\r\n\t\t\t\t\t\t\t\t\t\t\t\t\t\t\t\t\t\t<div class=\"bwp-image-description\">\r\n\t\t\t\t\t\t\t\t\t\t\t\t\t\r\n\t\t\t\t\t\t\t\tA one-and-a-half-hour guided experience for the true connoisseur. Start with a welcome glass of wine before your guide takes you on a journey through our vineyard, sharing insights into our winemaking processes. <br> \n The experience continues with a curated tasting of four wines (4 x 45ml), perfecly paired with four Qu\u00e9bec cheeses. <br> \nThis exclusive experience concludes in our Pinot Noir Tasting Room, nestled between the barrel rooms, for a truly refined experience.<br> <br> \n\n\n\nPrice: $85<br> \n\nTime slot: 2:00 PM<br>\n\nDuration: 90 minutes<br><br>\n\nTo make a reservation, please contact us at (450) 538-3782 or email us at info@levignobleduruisseau.com.<br>\n\n\n\t\t\t\t\t\t\r\n\t\t\t\t\t\t\t\t\t\t\t\t\t<\/div>\t\r\n\t\t\t\t\t\t\t\t\t\t\t\t\t\t\t\t\t<\/div>\r\n\t\t\t\t<\/div>\r\n\t\t\t<\/div>\r\n\t\t<\/div>\r\n\t<\/div>\r\n\t<\/div>\r\n\t\t\t\t<\/div>\n\t\t\t\t<\/div>\n\t\t\t\t\t<\/div>\n\t\t<\/div>\n\t\t\t\t\t<\/div>\n\t\t<\/section>\n\t\t\t\t<\/div>","protected":false},"excerpt":{"rendered":"<p>VISITES GUID\u00c9ES * Toutes nos visites guid\u00e9es comprennent une marche de 30 minutes sur chemin de gravier. * Pour les groupes de 20 personnes ou plus, veuillez prendre contact avec nous directement. LA VISITE D\u00c9COUVERTE ET D\u00c9GUSTATION Plongez-vous dans une exp\u00e9rience d&#8217;une heure, dans laquelle votre guide vous fera d\u00e9couvrir les \u00e9tapes de la fabrication [&hellip;]<\/p>","protected":false},"author":1,"featured_media":0,"parent":0,"menu_order":0,"comment_status":"closed","ping_status":"closed","template":"","meta":{"pmpro_default_level":"","footnotes":""},"class_list":["post-30304","page","type-page","status-publish","hentry","pmpro-has-access"],"_links":{"self":[{"href":"https:\/\/levignobleduruisseau.com\/en\/wp-json\/wp\/v2\/pages\/30304","targetHints":{"allow":["GET"]}}],"collection":[{"href":"https:\/\/levignobleduruisseau.com\/en\/wp-json\/wp\/v2\/pages"}],"about":[{"href":"https:\/\/levignobleduruisseau.com\/en\/wp-json\/wp\/v2\/types\/page"}],"author":[{"embeddable":true,"href":"https:\/\/levignobleduruisseau.com\/en\/wp-json\/wp\/v2\/users\/1"}],"replies":[{"embeddable":true,"href":"https:\/\/levignobleduruisseau.com\/en\/wp-json\/wp\/v2\/comments?post=30304"}],"version-history":[{"count":259,"href":"https:\/\/levignobleduruisseau.com\/en\/wp-json\/wp\/v2\/pages\/30304\/revisions"}],"predecessor-version":[{"id":32978,"href":"https:\/\/levignobleduruisseau.com\/en\/wp-json\/wp\/v2\/pages\/30304\/revisions\/32978"}],"wp:attachment":[{"href":"https:\/\/levignobleduruisseau.com\/en\/wp-json\/wp\/v2\/media?parent=30304"}],"curies":[{"name":"wp","href":"https:\/\/api.w.org\/{rel}","templated":true}]}}