{"id":15115,"date":"2020-09-08T04:43:26","date_gmt":"2020-09-08T04:43:26","guid":{"rendered":"https:\/\/wpbingosite.com\/wordpress\/kowine\/?page_id=15115"},"modified":"2026-05-06T14:30:18","modified_gmt":"2026-05-06T14:30:18","slug":"contact","status":"publish","type":"page","link":"https:\/\/levignobleduruisseau.com\/en\/contact\/","title":{"rendered":"Contact"},"content":{"rendered":"<div data-elementor-type=\"wp-page\" data-elementor-id=\"15115\" class=\"elementor elementor-15115\">\n\t\t\t\t\t\t<section class=\"elementor-section elementor-top-section elementor-element elementor-element-7c56f50 elementor-section-full_width elementor-section-height-default elementor-section-height-default\" data-id=\"7c56f50\" data-element_type=\"section\">\n\t\t\t\t\t\t<div class=\"elementor-container elementor-column-gap-default\">\n\t\t\t\t\t<div class=\"elementor-column elementor-col-100 elementor-top-column elementor-element elementor-element-38f1afa\" data-id=\"38f1afa\" data-element_type=\"column\">\n\t\t\t<div class=\"elementor-widget-wrap\">\n\t\t\t\t\t\t\t<\/div>\n\t\t<\/div>\n\t\t\t\t\t<\/div>\n\t\t<\/section>\n\t\t\t\t<section class=\"elementor-section elementor-top-section elementor-element elementor-element-82bc5ae elementor-section-full_width elementor-section-height-default elementor-section-height-default\" data-id=\"82bc5ae\" data-element_type=\"section\">\n\t\t\t\t\t\t<div class=\"elementor-container elementor-column-gap-default\">\n\t\t\t\t\t<div class=\"elementor-column elementor-col-50 elementor-top-column elementor-element elementor-element-904d693\" data-id=\"904d693\" data-element_type=\"column\">\n\t\t\t<div class=\"elementor-widget-wrap elementor-element-populated\">\n\t\t\t\t\t\t<div class=\"elementor-element elementor-element-c95f99b elementor-widget elementor-widget-heading\" data-id=\"c95f99b\" data-element_type=\"widget\" data-widget_type=\"heading.default\">\n\t\t\t\t<div class=\"elementor-widget-container\">\n\t\t\t\t\t<h2 class=\"elementor-heading-title elementor-size-default\"><a href=\"tel:4505383782\">BOUTIQUE<\/a><\/h2>\t\t\t\t<\/div>\n\t\t\t\t<\/div>\n\t\t\t\t<div class=\"elementor-element elementor-element-4a028ce elementor-widget elementor-widget-text-editor\" data-id=\"4a028ce\" data-element_type=\"widget\" data-widget_type=\"text-editor.default\">\n\t\t\t\t<div class=\"elementor-widget-container\">\n\t\t\t\t\t\t\t\t\t<p>Monday - closed<br \/>Tuesday - closed<br \/>Wednesday - closed<br \/>Thursday - closed<br \/>Friday \u2013 11 am to 6 pm<br \/>Saturday \u2013 11 am to 6 pm<br \/>Sunday \u2013 11 am to 6 pm<\/p>\t\t\t\t\t\t\t\t<\/div>\n\t\t\t\t<\/div>\n\t\t\t\t<div class=\"elementor-element elementor-element-9045bac elementor-widget elementor-widget-heading\" data-id=\"9045bac\" data-element_type=\"widget\" data-widget_type=\"heading.default\">\n\t\t\t\t<div class=\"elementor-widget-container\">\n\t\t\t\t\t<h2 class=\"elementor-heading-title elementor-size-default\"><a href=\"tel:4505383782\">(450) 538-3782<\/a><\/h2>\t\t\t\t<\/div>\n\t\t\t\t<\/div>\n\t\t\t\t\t<\/div>\n\t\t<\/div>\n\t\t\t\t<div class=\"elementor-column elementor-col-50 elementor-top-column elementor-element elementor-element-fa23a2c\" data-id=\"fa23a2c\" data-element_type=\"column\">\n\t\t\t<div class=\"elementor-widget-wrap elementor-element-populated\">\n\t\t\t\t\t\t<div class=\"elementor-element elementor-element-0ed07d4 elementor-widget elementor-widget-heading\" data-id=\"0ed07d4\" data-element_type=\"widget\" data-widget_type=\"heading.default\">\n\t\t\t\t<div class=\"elementor-widget-container\">\n\t\t\t\t\t<h2 class=\"elementor-heading-title elementor-size-default\"><a href=\"mailto:info@levignobleduruisseau.com\">TASTING<\/a><\/h2>\t\t\t\t<\/div>\n\t\t\t\t<\/div>\n\t\t\t\t<div class=\"elementor-element elementor-element-f5b17ed elementor-widget elementor-widget-text-editor\" data-id=\"f5b17ed\" data-element_type=\"widget\" data-widget_type=\"text-editor.default\">\n\t\t\t\t<div class=\"elementor-widget-container\">\n\t\t\t\t\t\t\t\t\t<p>Monday - closed<br \/>Tuesday - closed<br \/>Wednesday - closed<br \/>Thursday - closed<br \/>Friday \u2013 11 am to 6 pm<br \/>Saturday \u2013 11 am to 6 pm<br \/>Sunday \u2013 11 am to 6 pm<\/p>\t\t\t\t\t\t\t\t<\/div>\n\t\t\t\t<\/div>\n\t\t\t\t<div class=\"elementor-element elementor-element-b15eee0 elementor-widget elementor-widget-heading\" data-id=\"b15eee0\" data-element_type=\"widget\" data-widget_type=\"heading.default\">\n\t\t\t\t<div class=\"elementor-widget-container\">\n\t\t\t\t\t<h2 class=\"elementor-heading-title elementor-size-default\"><a href=\"mailto:info@levignobleduruisseau.com\">info@levignobleduruisseau.com<\/a><\/h2>\t\t\t\t<\/div>\n\t\t\t\t<\/div>\n\t\t\t\t\t<\/div>\n\t\t<\/div>\n\t\t\t\t\t<\/div>\n\t\t<\/section>\n\t\t\t\t<section class=\"elementor-section elementor-top-section elementor-element elementor-element-21ddf1a elementor-section-full_width elementor-section-height-default elementor-section-height-default\" data-id=\"21ddf1a\" data-element_type=\"section\">\n\t\t\t\t\t\t<div class=\"elementor-container elementor-column-gap-extended\">\n\t\t\t\t\t<div class=\"elementor-column elementor-col-100 elementor-top-column elementor-element elementor-element-e64cff7\" data-id=\"e64cff7\" data-element_type=\"column\">\n\t\t\t<div class=\"elementor-widget-wrap elementor-element-populated\">\n\t\t\t\t\t\t<div class=\"elementor-element elementor-element-7d1b214 elementor-widget elementor-widget-html\" data-id=\"7d1b214\" data-element_type=\"widget\" data-widget_type=\"html.default\">\n\t\t\t\t<div class=\"elementor-widget-container\">\n\t\t\t\t\t<iframe src=\"https:\/\/www.google.com\/maps\/embed?pb=!1m14!1m8!1m3!1d11265.354310096069!2d-72.7114177!3d45.0992042!3m2!1i1024!2i768!4f13.1!3m3!1m2!1s0x4cc9e237594575ad%3A0xa287cf2a6a039dfa!2sLe%20Vignoble%20du%20Ruisseau%20-%20Cabane%20%C3%A0%20sucre%20et%20distillerie%20-!5e0!3m2!1sfr!2sca!4v1716324172916!5m2!1sfr!2sca\" width=\"1400\" height=\"600\" style=\"border:0;\" allowfullscreen=\"\" loading=\"lazy\" referrerpolicy=\"no-referrer-when-downgrade\"><\/iframe>\t\t\t\t<\/div>\n\t\t\t\t<\/div>\n\t\t\t\t\t<\/div>\n\t\t<\/div>\n\t\t\t\t\t<\/div>\n\t\t<\/section>\n\t\t\t\t<section class=\"elementor-section elementor-top-section elementor-element elementor-element-bd93416 elementor-section-boxed elementor-section-height-default elementor-section-height-default\" data-id=\"bd93416\" data-element_type=\"section\">\n\t\t\t\t\t\t<div class=\"elementor-container elementor-column-gap-extended\">\n\t\t\t\t\t<div class=\"elementor-column elementor-col-100 elementor-top-column elementor-element elementor-element-c4e941b\" data-id=\"c4e941b\" data-element_type=\"column\" data-settings=\"{&quot;background_background&quot;:&quot;classic&quot;}\">\n\t\t\t<div class=\"elementor-widget-wrap elementor-element-populated\">\n\t\t\t\t\t\t<div class=\"elementor-element elementor-element-9d201f2 elementor-view-default elementor-widget elementor-widget-icon\" data-id=\"9d201f2\" data-element_type=\"widget\" data-widget_type=\"icon.default\">\n\t\t\t\t<div class=\"elementor-widget-container\">\n\t\t\t\t\t\t\t<div class=\"elementor-icon-wrapper\">\n\t\t\t<div class=\"elementor-icon\">\n\t\t\t<svg xmlns=\"http:\/\/www.w3.org\/2000\/svg\" height=\"511pt\" viewbox=\"-9 0 511 511.99965\" width=\"511pt\"><path d=\"m490.96875 463.679688-30.644531-39.507813c-28.933594-37.300781-65.699219-67.578125-107.554688-88.800781 22.59375-22.472656 37.71875-51.621094 42.976563-83.226563l25.179687-151.386719c.6875-4.113281-1.253906-8.21875-4.863281-10.300781l-154.351562-89.117187c-3.613282-2.085938-8.136719-1.710938-11.355469.9375l-118.515625 97.503906c-31.863282 26.214844-51.988282 64.839844-55.21875 105.976562-.027344.347657-.039063.691407-.066406 1.035157-3.476563-10.542969-6.453126-21.285157-8.882813-32.203125-3.488281-15.664063-17.132813-26.601563-33.179687-26.601563-9.75 0-19.042969 4.195313-25.492188 11.507813s-9.453125 17.054687-8.234375 26.730468c9.863281 78.367188 42.015625 151.6875 92.976563 212.035157 5.96875 7.070312 12.320312 13.816406 18.972656 20.25l-19.574219 33.90625-53.554687-30.921875c-4.785157-2.761719-10.902344-1.121094-13.660157 3.660156-2.761719 4.785156-1.125 10.898438 3.660157 13.660156l124.429687 71.839844c1.574219.910156 3.292969 1.339844 4.988281 1.339844 3.457032 0 6.820313-1.792969 8.671875-5 2.761719-4.78125 1.121094-10.898438-3.660156-13.660156l-53.554687-30.917969 17.453124-30.230469c21.078126 17.578125 44.742188 32.066406 70.03125 42.726562l86.097657 36.296876c1.269531.535156 2.585937.789062 3.882812.789062 3.898438 0 7.609375-2.296875 9.21875-6.117188 2.144531-5.089843-.242187-10.953124-5.328125-13.101562l-86.101562-36.292969c-37.207032-15.6875-70.644532-40.28125-96.691406-71.128906-48.460938-57.386719-79.035157-127.109375-88.414063-201.628906-.511719-4.042969.695313-7.949219 3.390625-11.003907 2.691406-3.054687 6.417969-4.738281 10.492188-4.738281 6.605468 0 12.222656 4.503907 13.65625 10.953125 9.859374 44.261719 27.992187 85.890625 53.292968 122.921875 1.351563 2.046875 2.765625 4.058594 4.21875 6.046875 11.328125 15.855469 23.984375 30.832032 37.90625 44.753906l38.023438 38.027344c6.054687 6.054688 14.105468 9.386719 22.664062 9.386719s16.609375-3.332031 22.664063-9.386719c12.492187-12.496094 12.492187-32.828125 0-45.324218l-64.1875-64.1875c-3.621094-3.621094-5.613281-8.433594-5.613281-13.550782 0-5.117187 1.992187-9.929687 5.613281-13.546875 7.46875-7.472656 19.625-7.472656 27.097656 0l14.425781 14.425781c31.804688 31.808594 69.234375 56.09375 111.242188 72.179688 50.960937 19.519531 95.578125 52.625 129.023437 95.746094l30.648438 39.507812c3.382812 4.363282 9.667969 5.15625 14.03125 1.769532 4.363281-3.386719 5.15625-9.667969 1.769531-14.03125zm-346.421875-348.453126 113.164063-93.101562 25.394531 14.660156-53.71875 44.191406c-4.261719 3.511719-4.875 9.8125-1.367188 14.078126 1.976563 2.402343 4.839844 3.644531 7.730469 3.644531 2.234375 0 4.484375-.746094 6.347656-2.277344l59.507813-48.957031 98.453125 56.84375-16.839844 101.242187c-7.574219 5.414063-58.617188 37.761719-140.234375-6.175781-51.859375-27.921875-92.917969-26.933594-118.230469-21.1875-9.882812 2.242188-18.210937 5.367188-24.890625 8.492188 6.734375-27.808594 22.402344-53.125 44.683594-71.453126zm59.707031 264.851563c-3.21875 0-6.246094-1.253906-8.519531-3.53125l-7.921875-7.917969c.835938.332032 1.671875.667969 2.511719.992188 7.339843 2.824218 14.933593 5.074218 22.625 6.734375-.0625.0625-.113281.132812-.175781.195312-2.273438 2.273438-5.300782 3.527344-8.519532 3.527344zm14.140625-125.714844-14.425781-14.425781c-15.269531-15.269531-40.113281-15.269531-55.382812 0-7.394532 7.394531-11.472657 17.230469-11.472657 27.691406 0 10.460938 4.074219 20.292969 11.472657 27.691406l59.058593 59.058594c-3.425781-1.007812-6.816406-2.144531-10.144531-3.425781-18.863281-7.253906-36.394531-17.375-52.109375-30.085937-8.929687-7.222657-16.757813-15.488282-23.410156-24.519532-1.324219-1.855468-2.628907-3.726562-3.914063-5.605468-15.269531-23.160157-23.074218-50.804688-21.769531-79.128907 11.609375-8.105469 60.492187-35.925781 137.207031 5.371094 35.898438 19.324219 66.746094 25.097656 90.792969 25.097656 10.628906 0 19.933594-1.125 27.75-2.710937 10.894531-2.207032 19.9375-5.460938 26.992187-8.664063l-3.023437 18.15625c-4.976563 29.921875-20.128906 57.316407-42.765625 77.429688-3.503906-1.488281-7.039062-2.917969-10.601562-4.285157-39.371094-15.078124-74.445313-37.835937-104.253907-67.644531zm0 0\"><\/path><path d=\"m208.722656 120.929688c2.628906 0 5.210938-1.070313 7.070313-2.929688s2.929687-4.441406 2.929687-7.070312c0-2.628907-1.070312-5.210938-2.929687-7.070313-1.863281-1.859375-4.429688-2.929687-7.070313-2.929687-2.628906 0-5.210937 1.070312-7.070312 2.929687s-2.929688 4.441406-2.929688 7.070313c0 2.628906 1.070313 5.210937 2.929688 7.070312s4.441406 2.929688 7.070312 2.929688zm0 0\"><\/path><\/svg>\t\t\t<\/div>\n\t\t<\/div>\n\t\t\t\t\t\t<\/div>\n\t\t\t\t<\/div>\n\t\t\t\t<div class=\"elementor-element elementor-element-f7c43f5 elementor-widget elementor-widget-heading\" data-id=\"f7c43f5\" data-element_type=\"widget\" data-widget_type=\"heading.default\">\n\t\t\t\t<div class=\"elementor-widget-container\">\n\t\t\t\t\t<h2 class=\"elementor-heading-title elementor-size-default\">CONTACT US<\/h2>\t\t\t\t<\/div>\n\t\t\t\t<\/div>\n\t\t\t\t<div class=\"elementor-element elementor-element-2ba566e elementor-widget__width-inherit elementor-widget elementor-widget-shortcode\" data-id=\"2ba566e\" data-element_type=\"widget\" data-widget_type=\"shortcode.default\">\n\t\t\t\t<div class=\"elementor-widget-container\">\n\t\t\t\t\t\t\t<div class=\"elementor-shortcode\"><div style=\"display:none\" class=\"fm-form-container fm-theme1\"><div id=\"fm-pages1\" class=\"fm-pages wdform_page_navigation\" show_title=\"\" show_numbers=\"1\" type=\"none\"><\/div><form name=\"form1\" action=\"\/en\/wp-json\/wp\/v2\/pages\/15115\" method=\"post\" id=\"form1\" class=\"fm-form form1\" enctype=\"multipart\/form-data\" data-trp-original-action=\"\/en\/wp-json\/wp\/v2\/pages\/15115\"><input type=\"hidden\" id=\"fm_page_id1\" value=\"15115\" name=\"fm_page_id1\" \/><input type=\"hidden\" id=\"fm_current_post_type1\" value=\"page\" name=\"fm_current_post_type1\" \/><input type=\"hidden\" id=\"counter1\" value=\"6\" name=\"counter1\" \/><input type=\"hidden\" id=\"Itemid1\" value=\"\" name=\"Itemid1\" \/><input type=\"hidden\" id=\"fm_shake1\" value=\"1\" name=\"fm_shake1\" \/><input type=\"text\" class=\"fm-hide\" id=\"fm_empty_field_validation1\" value=\"\" name=\"fm_empty_field_validation1\" data-value=\"bd736efb144d599cf463541431fbf5c4\" \/><div class=\"wdform-page-and-images fm-form-builder\"><div id=\"1form_view1\" class=\"wdform_page\" page_title=\"Untitled page\" next_title=\"Next\" next_type=\"text\" next_class=\"wdform-page-button\" next_checkable=\"true\" previous_title=\"Previous\" previous_type=\"text\" previous_class=\"wdform-page-button\" previous_checkable=\"false\"><div class=\"wdform_section\"><div class=\"wdform_column\"><div wdid=\"2\" class=\"wdform_row\" style=\"position: relative; left: 0px; top: 0px;\"><div type=\"type_text\" class=\"wdform-field wd-width-100 wd-flex wd-flex-column fm-type_text\" ><div class=\"wdform-label-section wd-width-100  wd-flex-row wd-align-items-center\">    <label  for=\"wdform_2_element1\" class=\"wdform-label\">COMPLETE NAME<\/label><span class=\"wdform-required\">*<\/span><\/div><div class=\"wdform-element-section wd-flex  wd-flex-row wd-align-items-center wd-width-100\" ><input type=\"text\"                           class=\"wd-width-100\"                           id=\"wdform_2_element1\"                           name=\"wdform_2_element1\"                           value=\"\"                           data-value=\"\"                           title=\"\"                           placeholder=\"\"                                                       \/><\/div><\/div><\/div><\/div><div class=\"wdform_column\"><div wdid=\"3\" class=\"wdform_row\"><div type=\"type_submitter_mail\" class=\"wdform-field wd-width-100 wd-flex wd-flex-column fm-type_submitter_mail\" ><div class=\"wdform-label-section wd-width-100 email wd-flex-row\">    <label  for=\"wdform_3_element1\" class=\"wdform-label\">E-MAIL<\/label><span class=\"wdform-required\">*<\/span><\/div><div class=\"wdform-element-section wd-flex email wd-flex-row wd-width-100\" ><input type=\"text\" class=\"wd-width-100\" id=\"wdform_3_element1\" name=\"wdform_3_element1\" data-value=\"\" value=\"\" title=\"\" placeholder=\"\"   onchange=\"wd_check_email('3', '1', 'This is not a valid email address.')\" \/><\/div><\/div><\/div><\/div><div class=\"wdform_column\"><div wdid=\"4\" class=\"wdform_row\"><div type=\"type_text\" class=\"wdform-field wd-width-100 wd-flex wd-flex-column fm-type_text\" ><div class=\"wdform-label-section wd-width-100  wd-flex-row wd-align-items-center\">    <label  for=\"wdform_4_element1\" class=\"wdform-label\">SUBJECT<\/label><span class=\"wdform-required\">*<\/span><\/div><div class=\"wdform-element-section wd-flex  wd-flex-row wd-align-items-center wd-width-100\" ><input type=\"text\"                           class=\"wd-width-100\"                           id=\"wdform_4_element1\"                           name=\"wdform_4_element1\"                           value=\"\"                           data-value=\"\"                           title=\"\"                           placeholder=\"\"                                                       \/><\/div><\/div><\/div><\/div><div class=\"wdform_column\"><div wdid=\"5\" class=\"wdform_row\"><div type=\"type_textarea\" class=\"wdform-field wd-width-100 wd-flex wd-flex-column fm-type_textarea\" ><div class=\"wdform-label-section wd-width-100\">    <label  for=\"wdform_5_element1\" class=\"wdform-label\">MESSAGE<\/label><span class=\"wdform-required\">*<\/span><\/div><div class=\"wdform-element-section wd-flex  wd-width-100\" ><textarea class=\"wd-width-100\"                      id=\"wdform_5_element1\"                      name=\"wdform_5_element1\"                      placeholder=\"\"                      data-value=\"\"                      maxlength=\"\"                      style=\"height: 100px;\"                      ><\/textarea><\/div><\/div><\/div><\/div><div class=\"wdform_column\"><div wdid=\"1\" class=\"wdform_row\"><div type=\"type_submit_reset\" class=\"wdform-field wd-width-100 wd-flex wd-flex-column fm-type_submit_reset\" ><div class=\"wdform-element-section wd-flex  wd-flex-row wd-justify-content-left wd-width-100\" ><button  type=\"button\" class=\"button-submit\" onclick=\"fm_submit_form('1');\"  data-ajax=\"0\"><span class=\"fm-submit-loading spinner fm-ico-spinner\"><\/span>SEND<\/button><button  type=\"button\" class=\"button-reset wd-hidden\" onclick=\"fm_reset_form(1);\" >Reset<\/button><\/div><\/div><\/div><\/div><\/div><div valign=\"top\" class=\"wdform_footer wd-width-100\"><div class=\"wd-width-100\"><div class=\"wd-width-100 wd-table\" style=\"padding-top:10px;\"><div class=\"wd-table-group\"><div id=\"1page_nav1\" class=\"wd-table-row\"><\/div><\/div><\/div><\/div><\/div><\/div><\/div><div class=\"wdform_preload\"><\/div><input type=\"hidden\" name=\"fm-current-page\" value=\"https:\/\/levignobleduruisseau.com\/en\/wp-json\/wp\/v2\/pages\/15115\" \/><input type=\"hidden\" name=\"trp-form-language\" value=\"en\"\/><\/form><\/div><\/div>\n\t\t\t\t\t\t<\/div>\n\t\t\t\t<\/div>\n\t\t\t\t\t<\/div>\n\t\t<\/div>\n\t\t\t\t\t<\/div>\n\t\t<\/section>\n\t\t\t\t<\/div>","protected":false},"excerpt":{"rendered":"<p>BOUTIQUE Lundi &#8211; ferm\u00e9Mardi &#8211; ferm\u00e9Mercredi &#8211; ferm\u00e9Jeudi &#8211; ferm\u00e9Vendredi\u00a0 &#8211; 11 h \u00e0 18 hSamedi &#8211; 11 h \u00e0 18 hDimanche\u00a0 &#8211; 11 h \u00e0 18 h (450) 538-3782 D\u00c9GUSTATIONS Lundi &#8211; ferm\u00e9Mardi &#8211; ferm\u00e9Mercredi &#8211; ferm\u00e9Jeudi &#8211; ferm\u00e9Vendredi\u00a0 &#8211; 11 h \u00e0 18 hSamedi &#8211; 11 h \u00e0 18 hDimanche\u00a0 &#8211; 11 h [&hellip;]<\/p>","protected":false},"author":1,"featured_media":0,"parent":0,"menu_order":0,"comment_status":"closed","ping_status":"closed","template":"","meta":{"pmpro_default_level":"","footnotes":""},"class_list":["post-15115","page","type-page","status-publish","hentry","pmpro-has-access"],"_links":{"self":[{"href":"https:\/\/levignobleduruisseau.com\/en\/wp-json\/wp\/v2\/pages\/15115","targetHints":{"allow":["GET"]}}],"collection":[{"href":"https:\/\/levignobleduruisseau.com\/en\/wp-json\/wp\/v2\/pages"}],"about":[{"href":"https:\/\/levignobleduruisseau.com\/en\/wp-json\/wp\/v2\/types\/page"}],"author":[{"embeddable":true,"href":"https:\/\/levignobleduruisseau.com\/en\/wp-json\/wp\/v2\/users\/1"}],"replies":[{"embeddable":true,"href":"https:\/\/levignobleduruisseau.com\/en\/wp-json\/wp\/v2\/comments?post=15115"}],"version-history":[{"count":75,"href":"https:\/\/levignobleduruisseau.com\/en\/wp-json\/wp\/v2\/pages\/15115\/revisions"}],"predecessor-version":[{"id":32988,"href":"https:\/\/levignobleduruisseau.com\/en\/wp-json\/wp\/v2\/pages\/15115\/revisions\/32988"}],"wp:attachment":[{"href":"https:\/\/levignobleduruisseau.com\/en\/wp-json\/wp\/v2\/media?parent=15115"}],"curies":[{"name":"wp","href":"https:\/\/api.w.org\/{rel}","templated":true}]}}